{"id":37,"date":"2024-02-25T18:22:22","date_gmt":"2024-02-25T18:22:22","guid":{"rendered":"https:\/\/clibup.es\/?page_id=37"},"modified":"2024-02-25T18:22:22","modified_gmt":"2024-02-25T18:22:22","slug":"aviso-legal","status":"publish","type":"page","link":"https:\/\/clibup.es\/index.php\/aviso-legal\/","title":{"rendered":"Aviso legal"},"content":{"rendered":"\n<h2 class=\"wp-block-heading\">Condiciones generales de uso y su aceptaci\u00f3n<\/h2>\n\n\n\n<p>El presente aviso legal regula el acceso y el uso de los contenidos del Sitio Web http:\/\/www.clibup.es (en adelante, el \u201cSitio Web\u201d) del que Clibup es titular y administrador. Su uso est\u00e1 sujeto a los t\u00e9rminos y condiciones que se especifican a continuaci\u00f3n.<\/p>\n\n\n\n<p>Al utilizar este Sitio Web, usted acepta tales t\u00e9rminos y condiciones y se somete a los mismos. Si no est\u00e1 de acuerdo con estos t\u00e9rminos o con nuestra Pol\u00edtica de confidencialidad, le rogamos no utilice este Sitio Web o los servicios ofrecidos en el mismo, en caso contrario, consideraremos que existe aceptaci\u00f3n por su parte.<\/p>\n\n\n\n<p>La utilizaci\u00f3n de este Sitio Web implica la plena aceptaci\u00f3n de las condiciones y t\u00e9rminos especificados en las Condiciones Generales de Uso publicada por Clibup en el momento en que el Usuario acceda a este Sitio Web. Por todo ello, el Usuario debe leer atentamente las presentes Condiciones cada vez que acceda a este Sitio Web, ya que podr\u00edan haber sido objeto de modificaciones.<\/p>\n\n\n\n<h2 class=\"wp-block-heading\">Condiciones de acceso y uso del Sitio Web<\/h2>\n\n\n\n<p>Como usuario, usted se compromete a hacer uso de la informaci\u00f3n, contenidos y servicios a los que acceda desde este Sitio Web, respetando la Ley, las buenas costumbres y las presentes Condiciones Generales de Uso, as\u00ed como respetar a los dem\u00e1s usuarios.<\/p>\n\n\n\n<p>El usuario renunciar\u00e1 a utilizar cualquiera de los materiales e informaciones contenidos en este Sitio Web con fines il\u00edcitos y expresamente prohibidos en las presentes Condiciones Generales de Uso as\u00ed como a las condiciones particulares que, en su caso, se habiliten, y que resulten contrarios a los derechos e intereses de Clibup, sus empleados y\/o terceros, y deber\u00e1 responder frente a los mismos en caso de contravenir o incumplir dichas obligaciones y\/o que, de cualquier modo (incluida la introducci\u00f3n o difusi\u00f3n de \u201cvirus inform\u00e1ticos\u201d), da\u00f1e, inutilice, sobrecargue, deteriore o impida la normal utilizaci\u00f3n de los contenidos del Sitio Web, los sistemas de informaci\u00f3n o los documentos, archivos y toda clase de contenidos almacenados en cualquier equipo inform\u00e1tico (hacking) de Clibup, de sus empleados o de cualquier usuario del Sitio Web.<\/p>\n\n\n\n<p>El usuario ser\u00e1 el \u00fanico responsable de la veracidad y la actualizaci\u00f3n de la informaci\u00f3n y los datos que facilite a Clibup, garantizando en todo momento la veracidad y exactitud de los mismos.<\/p>\n\n\n\n<p>El usuario que incumpla las obligaciones que han sido enunciadas responder\u00e1 de todos los da\u00f1os y perjuicios que cause a Clibup.<\/p>\n\n\n\n<h2 class=\"wp-block-heading\">Exclusi\u00f3n de garant\u00edas y responsabilidad<\/h2>\n\n\n\n<p>Clibup no asume ning\u00fan deber o compromiso de verificar la informaci\u00f3n recibida de sus clientes. Asimismo, no garantiza la exactitud de la informaci\u00f3n contenida en el Sitio Web, por lo que no se responsabiliza de los da\u00f1os y perjuicios de toda naturaleza que puedan deberse a decisiones tomadas en base a la informaci\u00f3n aqu\u00ed publicada como consecuencia de la falta de exactitud, exhaustividad, actualidad, as\u00ed como a errores u omisiones de los que pudieran adolecer los contenidos de este Sitio Web u otros a los que se pueda acceder por medio del mismo.<\/p>\n\n\n\n<p>Clibup no garantiza la disponibilidad o continuidad del funcionamiento del Sitio Web, y excluye, en la m\u00e1xima medida permitida por la legislaci\u00f3n vigente, cualquier responsabilidad por los da\u00f1os y perjuicios que puedan derivarse de ello, as\u00ed como de los errores de acceso a las zonas restringidas que sean consecuencia a una falta de diligencia o de infraestructura del usuario.<\/p>\n\n\n\n<p>El usuario es el responsable de tomar las precauciones necesarias para comprobar la no existencia de virus u otro tipo de programas que tengan una naturaleza da\u00f1ina. Clibup no se responsabiliza por la existencia de elementos lesivos, como virus, que pudieran ocasionar da\u00f1os o el mal funcionamiento en los sistemas, software, hardware, programas, documentos y ficheros electr\u00f3nicos que mantenga el Usuario. De igual modo, no se responsabiliza de los posibles da\u00f1os que como consecuencia de los mismos pueda ocasionar el Usuario a terceros. Usted utiliza este Sitio Web voluntariamente y bajo su responsabilidad, Clibup no ser\u00e1 responsable, contractual o extracontractualmente, de los da\u00f1os, directos o indirectos, imprevistos, emergentes o punitivos, resultantes del acceso o uso de este Sitio Web.<\/p>\n\n\n\n<h2 class=\"wp-block-heading\">Enlaces a otras p\u00e1ginas web<\/h2>\n\n\n\n<p>Este Sitio Web puede contener enlaces o links a otros sitios y p\u00e1ginas web que son gestionadas por terceros sobre los que Clibup&nbsp; no ejerce ning\u00fan tipo de control. Clibup no gestiona ni avala estos sitios por lo que no nos responsabilizamos de los contenidos de los Sitios Web Enlazados o de los Enlaces contenidos en los mismos. Desde Clibup no nos hacemos responsables de los contenidos e informaciones incluidos en otros sitios web, as\u00ed como de las condiciones de uso y pol\u00edticas de confidencialidad publicadas en los mismos. No podr\u00e1 interpretarse que las mismas sean una prolongaci\u00f3n de nuestro Sitio Web o que compartamos las opiniones expresadas en ellas o que tengamos alg\u00fan inter\u00e9s o colaboraci\u00f3n en los servicios proporcionados o comercializados en las mismas.<\/p>\n\n\n\n<p>En Clibup procederemos a suprimir, a la mayor brevedad posible, cualquier enlace a Sitios Web cuyo contenido sea contrario a la ley, a la dignidad personal y que pudiera causar da\u00f1o, perjuicio o inducir a error a los Usuarios. Para ello apelamos a su colaboraci\u00f3n cuando tenga conocimiento de estos aspectos, solicit\u00e1ndole que nos remita un correo electr\u00f3nico a la direcci\u00f3n abalmori@icab.cat.<\/p>\n\n\n\n<h2 class=\"wp-block-heading\">Derechos de propiedad intelectual <\/h2>\n\n\n\n<p>Este Sitio Web se rige por las leyes espa\u00f1olas y est\u00e1 protegido por la legislaci\u00f3n nacional e internacional sobre propiedad intelectual e industrial. Todos los derechos de propiedad intelectual e industrial sobre este Sitio Web est\u00e1n legalmente reservados. El acceso o la utilizaci\u00f3n del mismo, no constituir\u00e1, en ning\u00fan caso, el otorgamiento, salvo que se indique expresamente lo contrario, de ninguna licencia de uso o derecho sobre cualquier activo cuya titularidad o propiedad corresponda a Clibup. Todos los contenidos que se muestran en el presente Sitio Web, est\u00e1n sujetos a derechos de propiedad industrial titularidad de Clibup. Asimismo, los textos, fotograf\u00edas, gr\u00e1ficos, im\u00e1genes, iconos, tecnolog\u00eda, software, as\u00ed como su dise\u00f1o gr\u00e1fico y c\u00f3digo fuente, constituyen una obra cuya propiedad pertenece a Clibup y est\u00e1n sujetos a derechos de propiedad intelectual.<\/p>\n\n\n\n<p>Asimismo, queda prohibida, salvo en aquellos casos en los que se haya obtenido previamente la autorizaci\u00f3n expresa de Clibup, la reproducci\u00f3n, copia, distribuci\u00f3n, transformaci\u00f3n, puesta a disposici\u00f3n del p\u00fablico, supresi\u00f3n, manipulaci\u00f3n de los sistemas de seguridad instalados en la misma, y cualquier otra actividad que se pueda realizar con el contenido, la informaci\u00f3n y las marcas comerciales que aparecen en este Sitio Web, as\u00ed como con su c\u00f3digo fuente, im\u00e1genes, dise\u00f1o, selecci\u00f3n y forma de presentaci\u00f3n de los materiales incluidos en la misma, cualquiera que fuera su finalidad y el medio utilizado para ello. En caso de que quiera formular alguna sugerencia o comentario puede contactar con nosotros mediante un correo electr\u00f3nico a abalmori@icab.cat.<\/p>\n\n\n\n<h2 class=\"wp-block-heading\">Legislaci\u00f3n aplicable<\/h2>\n\n\n\n<p>Las presentes Condiciones Generales de Uso se rigen en todos y cada uno de sus extremos por la ley espa\u00f1ola.<\/p>\n\n\n\n<h2 class=\"wp-block-heading\">Aceptaci\u00f3n de las Condiciones de acceso y uso del Sitio web<\/h2>\n\n\n\n<p>El acceso y uso de este Sitio Web, as\u00ed como de sus servicios y de la informaci\u00f3n incluida en el mismo implica la aceptaci\u00f3n de su Pol\u00edtica de Confidencialidad y de los t\u00e9rminos especificados en las presentes Condiciones Generales de Uso. En caso de no estar de acuerdo con las mismas, le rogamos no acceda o utilice este Sitio Web.<\/p>\n\n\n\n<h2 class=\"wp-block-heading\">Datos de contacto<\/h2>\n\n\n\n<p>Puede contactarnos en:<\/p>\n\n\n\n<p>Clibup<\/p>\n\n\n\n<p>C\/ Bonestar, 46, 8-4<\/p>\n\n\n\n<p>08940 Cornell\u00e1 de Llobregat<\/p>\n\n\n\n<p>info@clibup.es <\/p>\n\n\n\n<p><\/p>\n","protected":false},"excerpt":{"rendered":"<p>Condiciones generales de uso y su aceptaci\u00f3n El presente aviso legal regula el acceso y el uso de los contenidos del Sitio Web http:\/\/www.clibup.es (en adelante, el \u201cSitio Web\u201d) del que Clibup es titular y administrador. Su uso est\u00e1 sujeto a los t\u00e9rminos y condiciones que se especifican a continuaci\u00f3n. Al utilizar este Sitio Web,&#8230;<\/p>\n","protected":false},"author":1,"featured_media":0,"parent":0,"menu_order":0,"comment_status":"closed","ping_status":"closed","template":"","meta":{"footnotes":""},"class_list":["post-37","page","type-page","status-publish","hentry"],"yoast_head":"<!-- This site is optimized with the Yoast SEO plugin v27.5 - https:\/\/yoast.com\/product\/yoast-seo-wordpress\/ -->\n<title>Aviso legal - Clibup<\/title>\n<meta name=\"robots\" content=\"index, follow, max-snippet:-1, max-image-preview:large, max-video-preview:-1\" \/>\n<link rel=\"canonical\" href=\"https:\/\/clibup.es\/index.php\/aviso-legal\/\" \/>\n<meta property=\"og:locale\" content=\"es_ES\" \/>\n<meta property=\"og:type\" content=\"article\" \/>\n<meta property=\"og:title\" content=\"Aviso legal - Clibup\" \/>\n<meta property=\"og:description\" content=\"Condiciones generales de uso y su aceptaci\u00f3n El presente aviso legal regula el acceso y el uso de los contenidos del Sitio Web http:\/\/www.clibup.es (en adelante, el \u201cSitio Web\u201d) del que Clibup es titular y administrador. Su uso est\u00e1 sujeto a los t\u00e9rminos y condiciones que se especifican a continuaci\u00f3n. Al utilizar este Sitio Web,...\" \/>\n<meta property=\"og:url\" content=\"https:\/\/clibup.es\/index.php\/aviso-legal\/\" \/>\n<meta property=\"og:site_name\" content=\"Clibup\" \/>\n<meta property=\"article:publisher\" content=\"https:\/\/www.facebook.com\/people\/Clibup\/61555554224577\/\" \/>\n<meta property=\"og:image\" content=\"https:\/\/clibup.es\/wp-content\/uploads\/2025\/06\/Imagen-Clibup.jpeg\" \/>\n\t<meta property=\"og:image:width\" content=\"1024\" \/>\n\t<meta property=\"og:image:height\" content=\"483\" \/>\n\t<meta property=\"og:image:type\" content=\"image\/jpeg\" \/>\n<meta name=\"twitter:card\" content=\"summary_large_image\" \/>\n<meta name=\"twitter:label1\" content=\"Tiempo de lectura\" \/>\n\t<meta name=\"twitter:data1\" content=\"7 minutos\" \/>\n<script type=\"application\/ld+json\" class=\"yoast-schema-graph\">{\"@context\":\"https:\\\/\\\/schema.org\",\"@graph\":[{\"@type\":\"WebPage\",\"@id\":\"https:\\\/\\\/clibup.es\\\/index.php\\\/aviso-legal\\\/\",\"url\":\"https:\\\/\\\/clibup.es\\\/index.php\\\/aviso-legal\\\/\",\"name\":\"Aviso legal - Clibup\",\"isPartOf\":{\"@id\":\"https:\\\/\\\/clibup.es\\\/#website\"},\"datePublished\":\"2024-02-25T18:22:22+00:00\",\"breadcrumb\":{\"@id\":\"https:\\\/\\\/clibup.es\\\/index.php\\\/aviso-legal\\\/#breadcrumb\"},\"inLanguage\":\"es\",\"potentialAction\":[{\"@type\":\"ReadAction\",\"target\":[\"https:\\\/\\\/clibup.es\\\/index.php\\\/aviso-legal\\\/\"]}]},{\"@type\":\"BreadcrumbList\",\"@id\":\"https:\\\/\\\/clibup.es\\\/index.php\\\/aviso-legal\\\/#breadcrumb\",\"itemListElement\":[{\"@type\":\"ListItem\",\"position\":1,\"name\":\"Portada\",\"item\":\"https:\\\/\\\/clibup.es\\\/\"},{\"@type\":\"ListItem\",\"position\":2,\"name\":\"Aviso legal\"}]},{\"@type\":\"WebSite\",\"@id\":\"https:\\\/\\\/clibup.es\\\/#website\",\"url\":\"https:\\\/\\\/clibup.es\\\/\",\"name\":\"Clibup - Abogados expertos en derecho de la Administraci\u00f3n P\u00fablica\",\"description\":\"Clibup\",\"publisher\":{\"@id\":\"https:\\\/\\\/clibup.es\\\/#organization\"},\"alternateName\":\"Clibup\",\"potentialAction\":[{\"@type\":\"SearchAction\",\"target\":{\"@type\":\"EntryPoint\",\"urlTemplate\":\"https:\\\/\\\/clibup.es\\\/?s={search_term_string}\"},\"query-input\":{\"@type\":\"PropertyValueSpecification\",\"valueRequired\":true,\"valueName\":\"search_term_string\"}}],\"inLanguage\":\"es\"},{\"@type\":\"Organization\",\"@id\":\"https:\\\/\\\/clibup.es\\\/#organization\",\"name\":\"Clibup\",\"url\":\"https:\\\/\\\/clibup.es\\\/\",\"logo\":{\"@type\":\"ImageObject\",\"inLanguage\":\"es\",\"@id\":\"https:\\\/\\\/clibup.es\\\/#\\\/schema\\\/logo\\\/image\\\/\",\"url\":\"https:\\\/\\\/clibup.es\\\/wp-content\\\/uploads\\\/2025\\\/06\\\/Imagen-Clibup.jpeg\",\"contentUrl\":\"https:\\\/\\\/clibup.es\\\/wp-content\\\/uploads\\\/2025\\\/06\\\/Imagen-Clibup.jpeg\",\"width\":1024,\"height\":483,\"caption\":\"Clibup\"},\"image\":{\"@id\":\"https:\\\/\\\/clibup.es\\\/#\\\/schema\\\/logo\\\/image\\\/\"},\"sameAs\":[\"https:\\\/\\\/www.facebook.com\\\/people\\\/Clibup\\\/61555554224577\\\/\",\"https:\\\/\\\/www.instagram.com\\\/clibup_law\\\/?igsh=MTY0aGNrMGc3MXNseg\"]}]}<\/script>\n<!-- \/ Yoast SEO plugin. -->","yoast_head_json":{"title":"Aviso legal - Clibup","robots":{"index":"index","follow":"follow","max-snippet":"max-snippet:-1","max-image-preview":"max-image-preview:large","max-video-preview":"max-video-preview:-1"},"canonical":"https:\/\/clibup.es\/index.php\/aviso-legal\/","og_locale":"es_ES","og_type":"article","og_title":"Aviso legal - Clibup","og_description":"Condiciones generales de uso y su aceptaci\u00f3n El presente aviso legal regula el acceso y el uso de los contenidos del Sitio Web http:\/\/www.clibup.es (en adelante, el \u201cSitio Web\u201d) del que Clibup es titular y administrador. Su uso est\u00e1 sujeto a los t\u00e9rminos y condiciones que se especifican a continuaci\u00f3n. Al utilizar este Sitio Web,...","og_url":"https:\/\/clibup.es\/index.php\/aviso-legal\/","og_site_name":"Clibup","article_publisher":"https:\/\/www.facebook.com\/people\/Clibup\/61555554224577\/","og_image":[{"width":1024,"height":483,"url":"https:\/\/clibup.es\/wp-content\/uploads\/2025\/06\/Imagen-Clibup.jpeg","type":"image\/jpeg"}],"twitter_card":"summary_large_image","twitter_misc":{"Tiempo de lectura":"7 minutos"},"schema":{"@context":"https:\/\/schema.org","@graph":[{"@type":"WebPage","@id":"https:\/\/clibup.es\/index.php\/aviso-legal\/","url":"https:\/\/clibup.es\/index.php\/aviso-legal\/","name":"Aviso legal - Clibup","isPartOf":{"@id":"https:\/\/clibup.es\/#website"},"datePublished":"2024-02-25T18:22:22+00:00","breadcrumb":{"@id":"https:\/\/clibup.es\/index.php\/aviso-legal\/#breadcrumb"},"inLanguage":"es","potentialAction":[{"@type":"ReadAction","target":["https:\/\/clibup.es\/index.php\/aviso-legal\/"]}]},{"@type":"BreadcrumbList","@id":"https:\/\/clibup.es\/index.php\/aviso-legal\/#breadcrumb","itemListElement":[{"@type":"ListItem","position":1,"name":"Portada","item":"https:\/\/clibup.es\/"},{"@type":"ListItem","position":2,"name":"Aviso legal"}]},{"@type":"WebSite","@id":"https:\/\/clibup.es\/#website","url":"https:\/\/clibup.es\/","name":"Clibup - Abogados expertos en derecho de la Administraci\u00f3n P\u00fablica","description":"Clibup","publisher":{"@id":"https:\/\/clibup.es\/#organization"},"alternateName":"Clibup","potentialAction":[{"@type":"SearchAction","target":{"@type":"EntryPoint","urlTemplate":"https:\/\/clibup.es\/?s={search_term_string}"},"query-input":{"@type":"PropertyValueSpecification","valueRequired":true,"valueName":"search_term_string"}}],"inLanguage":"es"},{"@type":"Organization","@id":"https:\/\/clibup.es\/#organization","name":"Clibup","url":"https:\/\/clibup.es\/","logo":{"@type":"ImageObject","inLanguage":"es","@id":"https:\/\/clibup.es\/#\/schema\/logo\/image\/","url":"https:\/\/clibup.es\/wp-content\/uploads\/2025\/06\/Imagen-Clibup.jpeg","contentUrl":"https:\/\/clibup.es\/wp-content\/uploads\/2025\/06\/Imagen-Clibup.jpeg","width":1024,"height":483,"caption":"Clibup"},"image":{"@id":"https:\/\/clibup.es\/#\/schema\/logo\/image\/"},"sameAs":["https:\/\/www.facebook.com\/people\/Clibup\/61555554224577\/","https:\/\/www.instagram.com\/clibup_law\/?igsh=MTY0aGNrMGc3MXNseg"]}]}},"_links":{"self":[{"href":"https:\/\/clibup.es\/index.php\/wp-json\/wp\/v2\/pages\/37","targetHints":{"allow":["GET"]}}],"collection":[{"href":"https:\/\/clibup.es\/index.php\/wp-json\/wp\/v2\/pages"}],"about":[{"href":"https:\/\/clibup.es\/index.php\/wp-json\/wp\/v2\/types\/page"}],"author":[{"embeddable":true,"href":"https:\/\/clibup.es\/index.php\/wp-json\/wp\/v2\/users\/1"}],"replies":[{"embeddable":true,"href":"https:\/\/clibup.es\/index.php\/wp-json\/wp\/v2\/comments?post=37"}],"version-history":[{"count":1,"href":"https:\/\/clibup.es\/index.php\/wp-json\/wp\/v2\/pages\/37\/revisions"}],"predecessor-version":[{"id":38,"href":"https:\/\/clibup.es\/index.php\/wp-json\/wp\/v2\/pages\/37\/revisions\/38"}],"wp:attachment":[{"href":"https:\/\/clibup.es\/index.php\/wp-json\/wp\/v2\/media?parent=37"}],"curies":[{"name":"wp","href":"https:\/\/api.w.org\/{rel}","templated":true}]}}