{"id":34,"date":"2024-02-25T18:16:06","date_gmt":"2024-02-25T18:16:06","guid":{"rendered":"https:\/\/clibup.es\/?page_id=34"},"modified":"2025-06-16T21:39:00","modified_gmt":"2025-06-16T21:39:00","slug":"equipo","status":"publish","type":"page","link":"https:\/\/clibup.es\/index.php\/equipo\/","title":{"rendered":"Equipo"},"content":{"rendered":"\n<p><\/p>\n\n\n\n<p>Nuestro despacho est\u00e1 formado por abogados especializados en Derecho de la Administraci\u00f3n P\u00fablica a fin de ofrecer el mejor asesoramiento:<\/p>\n\n\n\n<p><\/p>\n\n\n\n<p><strong>\u00c1NGEL BALMORI BORREGO<\/strong><\/p>\n\n\n\n<figure class=\"wp-block-image size-full is-resized\"><img loading=\"lazy\" decoding=\"async\" width=\"360\" height=\"294\" src=\"https:\/\/clibup.es\/wp-content\/uploads\/2024\/07\/Foto-web-Angel-Balmori-1.png\" alt=\"\" class=\"wp-image-93\" style=\"width:141px;height:auto\" srcset=\"https:\/\/clibup.es\/wp-content\/uploads\/2024\/07\/Foto-web-Angel-Balmori-1.png 360w, https:\/\/clibup.es\/wp-content\/uploads\/2024\/07\/Foto-web-Angel-Balmori-1-300x245.png 300w\" sizes=\"auto, (max-width: 360px) 100vw, 360px\" \/><\/figure>\n\n\n\n<p class=\"has-text-align-left\">Letrado del Ilustre Colegio de Abogados de Barcelona (n\u00fam. colegiado 41.954) especializado en derecho de la Administraci\u00f3n P\u00fablica.<\/p>\n\n\n\n<p>Ha desarrollado su actividad profesional tanto en el sector p\u00fablico como en el sector privado, asesorando a empresas, particulares y a la Administraci\u00f3n P\u00fablica.<\/p>\n\n\n\n<p>Inici\u00f3 su carrera en el despacho de derecho internacional Torres, Mart\u00edn &amp; Zaragoza y, posteriormente, se incorpor\u00f3 al departamento de derecho p\u00fablico e inmobiliario del despacho Andersen Tax &amp; Legal.<\/p>\n\n\n\n<p>Asimismo, ha desarrollado su carrera profesional en el sector p\u00fablico como letrado municipal de los Ayuntamientos del Vendrell y Abrera, en los departamentos de Contrataci\u00f3n P\u00fablica y Servicios Jur\u00eddicos.&nbsp;<\/p>\n\n\n\n<p>Su pr\u00e1ctica se ha centrado en el asesoramiento a empresas del sector tur\u00edstico, inmobiliario y de la salud, sobre asuntos relativos a licencias de actividad, procedimientos sancionadores, contrataci\u00f3n p\u00fablica, responsabilidad patrimonial y subvenciones.<\/p>\n\n\n\n<p>Formaci\u00f3n:<\/p>\n\n\n\n<p>&#8211; Licenciado en derecho por la Universidad de Barcelona (2013).<\/p>\n\n\n\n<p>&#8211; Postgrado en derecho local por la Universidad Aut\u00f3noma de Barcelona (2017).<\/p>\n\n\n\n<p>&#8211; Postgrado en derecho urban\u00edstico de Catalu\u00f1a por la Universidad Aut\u00f3noma de Barcelona (2018).<\/p>\n\n\n\n<p>Idiomas:<\/p>\n\n\n\n<p>Espa\u00f1ol, Catal\u00e1n e Ingl\u00e9s.<\/p>\n\n\n\n<p>Cont\u00e1ctanos<\/p>\n\n\n\n<p>Tel\u00e9fono: (+34) 610.901.224<\/p>\n\n\n\n<p>E-mail: abalmori@clibup.es<\/p>\n\n\n\n<p><\/p>\n","protected":false},"excerpt":{"rendered":"<p>Nuestro despacho est\u00e1 formado por abogados especializados en Derecho de la Administraci\u00f3n P\u00fablica a fin de ofrecer el mejor asesoramiento: \u00c1NGEL BALMORI BORREGO Letrado del Ilustre Colegio de Abogados de Barcelona (n\u00fam. colegiado 41.954) especializado en derecho de la Administraci\u00f3n P\u00fablica. Ha desarrollado su actividad profesional tanto en el sector p\u00fablico como en el sector&#8230;<\/p>\n","protected":false},"author":1,"featured_media":0,"parent":0,"menu_order":0,"comment_status":"closed","ping_status":"closed","template":"","meta":{"footnotes":""},"class_list":["post-34","page","type-page","status-publish","hentry"],"yoast_head":"<!-- This site is optimized with the Yoast SEO plugin v27.5 - https:\/\/yoast.com\/product\/yoast-seo-wordpress\/ -->\n<title>Equipo - Clibup<\/title>\n<meta name=\"description\" content=\"Nuestro equipo est\u00e1 formado por abogados especializados en derecho p\u00fablico los cuales asesoran a particulares y Administraciones P\u00fablicas\" \/>\n<meta name=\"robots\" content=\"index, follow, max-snippet:-1, max-image-preview:large, max-video-preview:-1\" \/>\n<link rel=\"canonical\" href=\"https:\/\/clibup.es\/index.php\/equipo\/\" \/>\n<meta property=\"og:locale\" content=\"es_ES\" \/>\n<meta property=\"og:type\" content=\"article\" \/>\n<meta property=\"og:title\" content=\"Equipo - Clibup\" \/>\n<meta property=\"og:description\" content=\"Nuestro equipo est\u00e1 formado por abogados especializados en derecho p\u00fablico los cuales asesoran a particulares y Administraciones P\u00fablicas\" \/>\n<meta property=\"og:url\" content=\"https:\/\/clibup.es\/index.php\/equipo\/\" \/>\n<meta property=\"og:site_name\" content=\"Clibup\" \/>\n<meta property=\"article:publisher\" content=\"https:\/\/www.facebook.com\/people\/Clibup\/61555554224577\/\" \/>\n<meta property=\"article:modified_time\" content=\"2025-06-16T21:39:00+00:00\" \/>\n<meta property=\"og:image\" content=\"https:\/\/clibup.es\/wp-content\/uploads\/2024\/07\/Foto-web-Angel-Balmori-1.png\" \/>\n\t<meta property=\"og:image:width\" content=\"360\" \/>\n\t<meta property=\"og:image:height\" content=\"294\" \/>\n\t<meta property=\"og:image:type\" content=\"image\/png\" \/>\n<meta name=\"twitter:card\" content=\"summary_large_image\" \/>\n<meta name=\"twitter:label1\" content=\"Tiempo de lectura\" \/>\n\t<meta name=\"twitter:data1\" content=\"2 minutos\" \/>\n<script type=\"application\/ld+json\" class=\"yoast-schema-graph\">{\"@context\":\"https:\\\/\\\/schema.org\",\"@graph\":[{\"@type\":\"WebPage\",\"@id\":\"https:\\\/\\\/clibup.es\\\/index.php\\\/equipo\\\/\",\"url\":\"https:\\\/\\\/clibup.es\\\/index.php\\\/equipo\\\/\",\"name\":\"Equipo - Clibup\",\"isPartOf\":{\"@id\":\"https:\\\/\\\/clibup.es\\\/#website\"},\"primaryImageOfPage\":{\"@id\":\"https:\\\/\\\/clibup.es\\\/index.php\\\/equipo\\\/#primaryimage\"},\"image\":{\"@id\":\"https:\\\/\\\/clibup.es\\\/index.php\\\/equipo\\\/#primaryimage\"},\"thumbnailUrl\":\"https:\\\/\\\/clibup.es\\\/wp-content\\\/uploads\\\/2024\\\/07\\\/Foto-web-Angel-Balmori-1.png\",\"datePublished\":\"2024-02-25T18:16:06+00:00\",\"dateModified\":\"2025-06-16T21:39:00+00:00\",\"description\":\"Nuestro equipo est\u00e1 formado por abogados especializados en derecho p\u00fablico los cuales asesoran a particulares y Administraciones P\u00fablicas\",\"breadcrumb\":{\"@id\":\"https:\\\/\\\/clibup.es\\\/index.php\\\/equipo\\\/#breadcrumb\"},\"inLanguage\":\"es\",\"potentialAction\":[{\"@type\":\"ReadAction\",\"target\":[\"https:\\\/\\\/clibup.es\\\/index.php\\\/equipo\\\/\"]}]},{\"@type\":\"ImageObject\",\"inLanguage\":\"es\",\"@id\":\"https:\\\/\\\/clibup.es\\\/index.php\\\/equipo\\\/#primaryimage\",\"url\":\"https:\\\/\\\/clibup.es\\\/wp-content\\\/uploads\\\/2024\\\/07\\\/Foto-web-Angel-Balmori-1.png\",\"contentUrl\":\"https:\\\/\\\/clibup.es\\\/wp-content\\\/uploads\\\/2024\\\/07\\\/Foto-web-Angel-Balmori-1.png\",\"width\":360,\"height\":294},{\"@type\":\"BreadcrumbList\",\"@id\":\"https:\\\/\\\/clibup.es\\\/index.php\\\/equipo\\\/#breadcrumb\",\"itemListElement\":[{\"@type\":\"ListItem\",\"position\":1,\"name\":\"Portada\",\"item\":\"https:\\\/\\\/clibup.es\\\/\"},{\"@type\":\"ListItem\",\"position\":2,\"name\":\"Equipo\"}]},{\"@type\":\"WebSite\",\"@id\":\"https:\\\/\\\/clibup.es\\\/#website\",\"url\":\"https:\\\/\\\/clibup.es\\\/\",\"name\":\"Clibup - Abogados expertos en derecho de la Administraci\u00f3n P\u00fablica\",\"description\":\"Clibup\",\"publisher\":{\"@id\":\"https:\\\/\\\/clibup.es\\\/#organization\"},\"alternateName\":\"Clibup\",\"potentialAction\":[{\"@type\":\"SearchAction\",\"target\":{\"@type\":\"EntryPoint\",\"urlTemplate\":\"https:\\\/\\\/clibup.es\\\/?s={search_term_string}\"},\"query-input\":{\"@type\":\"PropertyValueSpecification\",\"valueRequired\":true,\"valueName\":\"search_term_string\"}}],\"inLanguage\":\"es\"},{\"@type\":\"Organization\",\"@id\":\"https:\\\/\\\/clibup.es\\\/#organization\",\"name\":\"Clibup\",\"url\":\"https:\\\/\\\/clibup.es\\\/\",\"logo\":{\"@type\":\"ImageObject\",\"inLanguage\":\"es\",\"@id\":\"https:\\\/\\\/clibup.es\\\/#\\\/schema\\\/logo\\\/image\\\/\",\"url\":\"https:\\\/\\\/clibup.es\\\/wp-content\\\/uploads\\\/2025\\\/06\\\/Imagen-Clibup.jpeg\",\"contentUrl\":\"https:\\\/\\\/clibup.es\\\/wp-content\\\/uploads\\\/2025\\\/06\\\/Imagen-Clibup.jpeg\",\"width\":1024,\"height\":483,\"caption\":\"Clibup\"},\"image\":{\"@id\":\"https:\\\/\\\/clibup.es\\\/#\\\/schema\\\/logo\\\/image\\\/\"},\"sameAs\":[\"https:\\\/\\\/www.facebook.com\\\/people\\\/Clibup\\\/61555554224577\\\/\",\"https:\\\/\\\/www.instagram.com\\\/clibup_law\\\/?igsh=MTY0aGNrMGc3MXNseg\"]}]}<\/script>\n<!-- \/ Yoast SEO plugin. -->","yoast_head_json":{"title":"Equipo - Clibup","description":"Nuestro equipo est\u00e1 formado por abogados especializados en derecho p\u00fablico los cuales asesoran a particulares y Administraciones P\u00fablicas","robots":{"index":"index","follow":"follow","max-snippet":"max-snippet:-1","max-image-preview":"max-image-preview:large","max-video-preview":"max-video-preview:-1"},"canonical":"https:\/\/clibup.es\/index.php\/equipo\/","og_locale":"es_ES","og_type":"article","og_title":"Equipo - Clibup","og_description":"Nuestro equipo est\u00e1 formado por abogados especializados en derecho p\u00fablico los cuales asesoran a particulares y Administraciones P\u00fablicas","og_url":"https:\/\/clibup.es\/index.php\/equipo\/","og_site_name":"Clibup","article_publisher":"https:\/\/www.facebook.com\/people\/Clibup\/61555554224577\/","article_modified_time":"2025-06-16T21:39:00+00:00","og_image":[{"width":360,"height":294,"url":"https:\/\/clibup.es\/wp-content\/uploads\/2024\/07\/Foto-web-Angel-Balmori-1.png","type":"image\/png"}],"twitter_card":"summary_large_image","twitter_misc":{"Tiempo de lectura":"2 minutos"},"schema":{"@context":"https:\/\/schema.org","@graph":[{"@type":"WebPage","@id":"https:\/\/clibup.es\/index.php\/equipo\/","url":"https:\/\/clibup.es\/index.php\/equipo\/","name":"Equipo - Clibup","isPartOf":{"@id":"https:\/\/clibup.es\/#website"},"primaryImageOfPage":{"@id":"https:\/\/clibup.es\/index.php\/equipo\/#primaryimage"},"image":{"@id":"https:\/\/clibup.es\/index.php\/equipo\/#primaryimage"},"thumbnailUrl":"https:\/\/clibup.es\/wp-content\/uploads\/2024\/07\/Foto-web-Angel-Balmori-1.png","datePublished":"2024-02-25T18:16:06+00:00","dateModified":"2025-06-16T21:39:00+00:00","description":"Nuestro equipo est\u00e1 formado por abogados especializados en derecho p\u00fablico los cuales asesoran a particulares y Administraciones P\u00fablicas","breadcrumb":{"@id":"https:\/\/clibup.es\/index.php\/equipo\/#breadcrumb"},"inLanguage":"es","potentialAction":[{"@type":"ReadAction","target":["https:\/\/clibup.es\/index.php\/equipo\/"]}]},{"@type":"ImageObject","inLanguage":"es","@id":"https:\/\/clibup.es\/index.php\/equipo\/#primaryimage","url":"https:\/\/clibup.es\/wp-content\/uploads\/2024\/07\/Foto-web-Angel-Balmori-1.png","contentUrl":"https:\/\/clibup.es\/wp-content\/uploads\/2024\/07\/Foto-web-Angel-Balmori-1.png","width":360,"height":294},{"@type":"BreadcrumbList","@id":"https:\/\/clibup.es\/index.php\/equipo\/#breadcrumb","itemListElement":[{"@type":"ListItem","position":1,"name":"Portada","item":"https:\/\/clibup.es\/"},{"@type":"ListItem","position":2,"name":"Equipo"}]},{"@type":"WebSite","@id":"https:\/\/clibup.es\/#website","url":"https:\/\/clibup.es\/","name":"Clibup - Abogados expertos en derecho de la Administraci\u00f3n P\u00fablica","description":"Clibup","publisher":{"@id":"https:\/\/clibup.es\/#organization"},"alternateName":"Clibup","potentialAction":[{"@type":"SearchAction","target":{"@type":"EntryPoint","urlTemplate":"https:\/\/clibup.es\/?s={search_term_string}"},"query-input":{"@type":"PropertyValueSpecification","valueRequired":true,"valueName":"search_term_string"}}],"inLanguage":"es"},{"@type":"Organization","@id":"https:\/\/clibup.es\/#organization","name":"Clibup","url":"https:\/\/clibup.es\/","logo":{"@type":"ImageObject","inLanguage":"es","@id":"https:\/\/clibup.es\/#\/schema\/logo\/image\/","url":"https:\/\/clibup.es\/wp-content\/uploads\/2025\/06\/Imagen-Clibup.jpeg","contentUrl":"https:\/\/clibup.es\/wp-content\/uploads\/2025\/06\/Imagen-Clibup.jpeg","width":1024,"height":483,"caption":"Clibup"},"image":{"@id":"https:\/\/clibup.es\/#\/schema\/logo\/image\/"},"sameAs":["https:\/\/www.facebook.com\/people\/Clibup\/61555554224577\/","https:\/\/www.instagram.com\/clibup_law\/?igsh=MTY0aGNrMGc3MXNseg"]}]}},"_links":{"self":[{"href":"https:\/\/clibup.es\/index.php\/wp-json\/wp\/v2\/pages\/34","targetHints":{"allow":["GET"]}}],"collection":[{"href":"https:\/\/clibup.es\/index.php\/wp-json\/wp\/v2\/pages"}],"about":[{"href":"https:\/\/clibup.es\/index.php\/wp-json\/wp\/v2\/types\/page"}],"author":[{"embeddable":true,"href":"https:\/\/clibup.es\/index.php\/wp-json\/wp\/v2\/users\/1"}],"replies":[{"embeddable":true,"href":"https:\/\/clibup.es\/index.php\/wp-json\/wp\/v2\/comments?post=34"}],"version-history":[{"count":4,"href":"https:\/\/clibup.es\/index.php\/wp-json\/wp\/v2\/pages\/34\/revisions"}],"predecessor-version":[{"id":95,"href":"https:\/\/clibup.es\/index.php\/wp-json\/wp\/v2\/pages\/34\/revisions\/95"}],"wp:attachment":[{"href":"https:\/\/clibup.es\/index.php\/wp-json\/wp\/v2\/media?parent=34"}],"curies":[{"name":"wp","href":"https:\/\/api.w.org\/{rel}","templated":true}]}}