{"id":30,"date":"2024-02-25T17:55:54","date_gmt":"2024-02-25T17:55:54","guid":{"rendered":"https:\/\/clibup.es\/?page_id=30"},"modified":"2025-07-21T22:48:04","modified_gmt":"2025-07-21T22:48:04","slug":"sobre-nosotros","status":"publish","type":"page","link":"https:\/\/clibup.es\/index.php\/sobre-nosotros\/","title":{"rendered":"Sobre nosotros"},"content":{"rendered":"\n<p class=\"has-text-align-left\"><\/p>\n\n\n\n<div class=\"wp-block-media-text is-stacked-on-mobile\"><figure class=\"wp-block-media-text__media\"><img loading=\"lazy\" decoding=\"async\" width=\"1024\" height=\"768\" src=\"https:\/\/clibup.es\/wp-content\/uploads\/2025\/07\/IMG_3434-1024x768.jpg\" alt=\"\" class=\"wp-image-270 size-full\" srcset=\"https:\/\/clibup.es\/wp-content\/uploads\/2025\/07\/IMG_3434-1024x768.jpg 1024w, https:\/\/clibup.es\/wp-content\/uploads\/2025\/07\/IMG_3434-300x225.jpg 300w, https:\/\/clibup.es\/wp-content\/uploads\/2025\/07\/IMG_3434-768x576.jpg 768w, https:\/\/clibup.es\/wp-content\/uploads\/2025\/07\/IMG_3434-1536x1152.jpg 1536w, https:\/\/clibup.es\/wp-content\/uploads\/2025\/07\/IMG_3434-2048x1536.jpg 2048w\" sizes=\"auto, (max-width: 1024px) 100vw, 1024px\" \/><\/figure><div class=\"wp-block-media-text__content\">\n<p>Clibup es una consultora especializada en el asesoramiento en derecho p\u00fablico tanto a particulares como a empresas.<\/p>\n\n\n\n<p class=\"has-text-align-left\">La complejidad y diversidad de las normas que afectan al d\u00eda a d\u00eda de la Administraci\u00f3n P\u00fablica y a su relaci\u00f3n con los ciudadanos y empresas requiere de un asesoramiento por parte de abogados particularmente dedicados a esta materia.<\/p>\n\n\n\n<p class=\"has-text-align-left\">Nuestra experiencia asesorando tanto a privados como a Administraciones P\u00fablicas, durante a\u00f1os, nos ofrece una amplia visi\u00f3n del derecho administrativo lo que nos permite prestar un servicio especializado y de calidad a nuestros clientes.<\/p>\n\n\n\n<p>Nuestro trabajo se desarrolla tanto a distancia como en nuestras oficinas ubicadas en Barcelona.<\/p>\n<\/div><\/div>\n","protected":false},"excerpt":{"rendered":"<p>Clibup es una consultora especializada en el asesoramiento en derecho p\u00fablico tanto a particulares como a empresas. La complejidad y diversidad de las normas que afectan al d\u00eda a d\u00eda de la Administraci\u00f3n P\u00fablica y a su relaci\u00f3n con los ciudadanos y empresas requiere de un asesoramiento por parte de abogados particularmente dedicados a esta&#8230;<\/p>\n","protected":false},"author":1,"featured_media":0,"parent":0,"menu_order":0,"comment_status":"closed","ping_status":"closed","template":"","meta":{"footnotes":""},"class_list":["post-30","page","type-page","status-publish","hentry"],"yoast_head":"<!-- This site is optimized with the Yoast SEO plugin v27.5 - https:\/\/yoast.com\/product\/yoast-seo-wordpress\/ -->\n<title>Sobre nosotros - Clibup<\/title>\n<meta name=\"description\" content=\"Clibup es un despacho de abogados especializado en derecho p\u00fablico. Asesoramos a clientes en sus relaciones con la Administraci\u00f3n P\u00fablica.\" \/>\n<meta name=\"robots\" content=\"index, follow, max-snippet:-1, max-image-preview:large, max-video-preview:-1\" \/>\n<link rel=\"canonical\" href=\"https:\/\/clibup.es\/index.php\/sobre-nosotros\/\" \/>\n<meta property=\"og:locale\" content=\"es_ES\" \/>\n<meta property=\"og:type\" content=\"article\" \/>\n<meta property=\"og:title\" content=\"Sobre nosotros - Clibup\" \/>\n<meta property=\"og:description\" content=\"Clibup es un despacho de abogados especializado en derecho p\u00fablico. Asesoramos a clientes en sus relaciones con la Administraci\u00f3n P\u00fablica.\" \/>\n<meta property=\"og:url\" content=\"https:\/\/clibup.es\/index.php\/sobre-nosotros\/\" \/>\n<meta property=\"og:site_name\" content=\"Clibup\" \/>\n<meta property=\"article:publisher\" content=\"https:\/\/www.facebook.com\/people\/Clibup\/61555554224577\/\" \/>\n<meta property=\"article:modified_time\" content=\"2025-07-21T22:48:04+00:00\" \/>\n<meta property=\"og:image\" content=\"https:\/\/clibup.es\/wp-content\/uploads\/2025\/07\/IMG_3434-scaled.jpg\" \/>\n\t<meta property=\"og:image:width\" content=\"2560\" \/>\n\t<meta property=\"og:image:height\" content=\"1920\" \/>\n\t<meta property=\"og:image:type\" content=\"image\/jpeg\" \/>\n<meta name=\"twitter:card\" content=\"summary_large_image\" \/>\n<meta name=\"twitter:label1\" content=\"Tiempo de lectura\" \/>\n\t<meta name=\"twitter:data1\" content=\"1 minuto\" \/>\n<script type=\"application\/ld+json\" class=\"yoast-schema-graph\">{\"@context\":\"https:\\\/\\\/schema.org\",\"@graph\":[{\"@type\":\"WebPage\",\"@id\":\"https:\\\/\\\/clibup.es\\\/index.php\\\/sobre-nosotros\\\/\",\"url\":\"https:\\\/\\\/clibup.es\\\/index.php\\\/sobre-nosotros\\\/\",\"name\":\"Sobre nosotros - Clibup\",\"isPartOf\":{\"@id\":\"https:\\\/\\\/clibup.es\\\/#website\"},\"primaryImageOfPage\":{\"@id\":\"https:\\\/\\\/clibup.es\\\/index.php\\\/sobre-nosotros\\\/#primaryimage\"},\"image\":{\"@id\":\"https:\\\/\\\/clibup.es\\\/index.php\\\/sobre-nosotros\\\/#primaryimage\"},\"thumbnailUrl\":\"https:\\\/\\\/clibup.es\\\/wp-content\\\/uploads\\\/2025\\\/07\\\/IMG_3434-1024x768.jpg\",\"datePublished\":\"2024-02-25T17:55:54+00:00\",\"dateModified\":\"2025-07-21T22:48:04+00:00\",\"description\":\"Clibup es un despacho de abogados especializado en derecho p\u00fablico. Asesoramos a clientes en sus relaciones con la Administraci\u00f3n P\u00fablica.\",\"breadcrumb\":{\"@id\":\"https:\\\/\\\/clibup.es\\\/index.php\\\/sobre-nosotros\\\/#breadcrumb\"},\"inLanguage\":\"es\",\"potentialAction\":[{\"@type\":\"ReadAction\",\"target\":[\"https:\\\/\\\/clibup.es\\\/index.php\\\/sobre-nosotros\\\/\"]}]},{\"@type\":\"ImageObject\",\"inLanguage\":\"es\",\"@id\":\"https:\\\/\\\/clibup.es\\\/index.php\\\/sobre-nosotros\\\/#primaryimage\",\"url\":\"https:\\\/\\\/clibup.es\\\/wp-content\\\/uploads\\\/2025\\\/07\\\/IMG_3434-scaled.jpg\",\"contentUrl\":\"https:\\\/\\\/clibup.es\\\/wp-content\\\/uploads\\\/2025\\\/07\\\/IMG_3434-scaled.jpg\",\"width\":2560,\"height\":1920},{\"@type\":\"BreadcrumbList\",\"@id\":\"https:\\\/\\\/clibup.es\\\/index.php\\\/sobre-nosotros\\\/#breadcrumb\",\"itemListElement\":[{\"@type\":\"ListItem\",\"position\":1,\"name\":\"Portada\",\"item\":\"https:\\\/\\\/clibup.es\\\/\"},{\"@type\":\"ListItem\",\"position\":2,\"name\":\"Sobre nosotros\"}]},{\"@type\":\"WebSite\",\"@id\":\"https:\\\/\\\/clibup.es\\\/#website\",\"url\":\"https:\\\/\\\/clibup.es\\\/\",\"name\":\"Clibup - Abogados expertos en derecho de la Administraci\u00f3n P\u00fablica\",\"description\":\"Clibup\",\"publisher\":{\"@id\":\"https:\\\/\\\/clibup.es\\\/#organization\"},\"alternateName\":\"Clibup\",\"potentialAction\":[{\"@type\":\"SearchAction\",\"target\":{\"@type\":\"EntryPoint\",\"urlTemplate\":\"https:\\\/\\\/clibup.es\\\/?s={search_term_string}\"},\"query-input\":{\"@type\":\"PropertyValueSpecification\",\"valueRequired\":true,\"valueName\":\"search_term_string\"}}],\"inLanguage\":\"es\"},{\"@type\":\"Organization\",\"@id\":\"https:\\\/\\\/clibup.es\\\/#organization\",\"name\":\"Clibup\",\"url\":\"https:\\\/\\\/clibup.es\\\/\",\"logo\":{\"@type\":\"ImageObject\",\"inLanguage\":\"es\",\"@id\":\"https:\\\/\\\/clibup.es\\\/#\\\/schema\\\/logo\\\/image\\\/\",\"url\":\"https:\\\/\\\/clibup.es\\\/wp-content\\\/uploads\\\/2025\\\/06\\\/Imagen-Clibup.jpeg\",\"contentUrl\":\"https:\\\/\\\/clibup.es\\\/wp-content\\\/uploads\\\/2025\\\/06\\\/Imagen-Clibup.jpeg\",\"width\":1024,\"height\":483,\"caption\":\"Clibup\"},\"image\":{\"@id\":\"https:\\\/\\\/clibup.es\\\/#\\\/schema\\\/logo\\\/image\\\/\"},\"sameAs\":[\"https:\\\/\\\/www.facebook.com\\\/people\\\/Clibup\\\/61555554224577\\\/\",\"https:\\\/\\\/www.instagram.com\\\/clibup_law\\\/?igsh=MTY0aGNrMGc3MXNseg\"]}]}<\/script>\n<!-- \/ Yoast SEO plugin. -->","yoast_head_json":{"title":"Sobre nosotros - Clibup","description":"Clibup es un despacho de abogados especializado en derecho p\u00fablico. Asesoramos a clientes en sus relaciones con la Administraci\u00f3n P\u00fablica.","robots":{"index":"index","follow":"follow","max-snippet":"max-snippet:-1","max-image-preview":"max-image-preview:large","max-video-preview":"max-video-preview:-1"},"canonical":"https:\/\/clibup.es\/index.php\/sobre-nosotros\/","og_locale":"es_ES","og_type":"article","og_title":"Sobre nosotros - Clibup","og_description":"Clibup es un despacho de abogados especializado en derecho p\u00fablico. Asesoramos a clientes en sus relaciones con la Administraci\u00f3n P\u00fablica.","og_url":"https:\/\/clibup.es\/index.php\/sobre-nosotros\/","og_site_name":"Clibup","article_publisher":"https:\/\/www.facebook.com\/people\/Clibup\/61555554224577\/","article_modified_time":"2025-07-21T22:48:04+00:00","og_image":[{"width":2560,"height":1920,"url":"https:\/\/clibup.es\/wp-content\/uploads\/2025\/07\/IMG_3434-scaled.jpg","type":"image\/jpeg"}],"twitter_card":"summary_large_image","twitter_misc":{"Tiempo de lectura":"1 minuto"},"schema":{"@context":"https:\/\/schema.org","@graph":[{"@type":"WebPage","@id":"https:\/\/clibup.es\/index.php\/sobre-nosotros\/","url":"https:\/\/clibup.es\/index.php\/sobre-nosotros\/","name":"Sobre nosotros - Clibup","isPartOf":{"@id":"https:\/\/clibup.es\/#website"},"primaryImageOfPage":{"@id":"https:\/\/clibup.es\/index.php\/sobre-nosotros\/#primaryimage"},"image":{"@id":"https:\/\/clibup.es\/index.php\/sobre-nosotros\/#primaryimage"},"thumbnailUrl":"https:\/\/clibup.es\/wp-content\/uploads\/2025\/07\/IMG_3434-1024x768.jpg","datePublished":"2024-02-25T17:55:54+00:00","dateModified":"2025-07-21T22:48:04+00:00","description":"Clibup es un despacho de abogados especializado en derecho p\u00fablico. Asesoramos a clientes en sus relaciones con la Administraci\u00f3n P\u00fablica.","breadcrumb":{"@id":"https:\/\/clibup.es\/index.php\/sobre-nosotros\/#breadcrumb"},"inLanguage":"es","potentialAction":[{"@type":"ReadAction","target":["https:\/\/clibup.es\/index.php\/sobre-nosotros\/"]}]},{"@type":"ImageObject","inLanguage":"es","@id":"https:\/\/clibup.es\/index.php\/sobre-nosotros\/#primaryimage","url":"https:\/\/clibup.es\/wp-content\/uploads\/2025\/07\/IMG_3434-scaled.jpg","contentUrl":"https:\/\/clibup.es\/wp-content\/uploads\/2025\/07\/IMG_3434-scaled.jpg","width":2560,"height":1920},{"@type":"BreadcrumbList","@id":"https:\/\/clibup.es\/index.php\/sobre-nosotros\/#breadcrumb","itemListElement":[{"@type":"ListItem","position":1,"name":"Portada","item":"https:\/\/clibup.es\/"},{"@type":"ListItem","position":2,"name":"Sobre nosotros"}]},{"@type":"WebSite","@id":"https:\/\/clibup.es\/#website","url":"https:\/\/clibup.es\/","name":"Clibup - Abogados expertos en derecho de la Administraci\u00f3n P\u00fablica","description":"Clibup","publisher":{"@id":"https:\/\/clibup.es\/#organization"},"alternateName":"Clibup","potentialAction":[{"@type":"SearchAction","target":{"@type":"EntryPoint","urlTemplate":"https:\/\/clibup.es\/?s={search_term_string}"},"query-input":{"@type":"PropertyValueSpecification","valueRequired":true,"valueName":"search_term_string"}}],"inLanguage":"es"},{"@type":"Organization","@id":"https:\/\/clibup.es\/#organization","name":"Clibup","url":"https:\/\/clibup.es\/","logo":{"@type":"ImageObject","inLanguage":"es","@id":"https:\/\/clibup.es\/#\/schema\/logo\/image\/","url":"https:\/\/clibup.es\/wp-content\/uploads\/2025\/06\/Imagen-Clibup.jpeg","contentUrl":"https:\/\/clibup.es\/wp-content\/uploads\/2025\/06\/Imagen-Clibup.jpeg","width":1024,"height":483,"caption":"Clibup"},"image":{"@id":"https:\/\/clibup.es\/#\/schema\/logo\/image\/"},"sameAs":["https:\/\/www.facebook.com\/people\/Clibup\/61555554224577\/","https:\/\/www.instagram.com\/clibup_law\/?igsh=MTY0aGNrMGc3MXNseg"]}]}},"_links":{"self":[{"href":"https:\/\/clibup.es\/index.php\/wp-json\/wp\/v2\/pages\/30","targetHints":{"allow":["GET"]}}],"collection":[{"href":"https:\/\/clibup.es\/index.php\/wp-json\/wp\/v2\/pages"}],"about":[{"href":"https:\/\/clibup.es\/index.php\/wp-json\/wp\/v2\/types\/page"}],"author":[{"embeddable":true,"href":"https:\/\/clibup.es\/index.php\/wp-json\/wp\/v2\/users\/1"}],"replies":[{"embeddable":true,"href":"https:\/\/clibup.es\/index.php\/wp-json\/wp\/v2\/comments?post=30"}],"version-history":[{"count":5,"href":"https:\/\/clibup.es\/index.php\/wp-json\/wp\/v2\/pages\/30\/revisions"}],"predecessor-version":[{"id":271,"href":"https:\/\/clibup.es\/index.php\/wp-json\/wp\/v2\/pages\/30\/revisions\/271"}],"wp:attachment":[{"href":"https:\/\/clibup.es\/index.php\/wp-json\/wp\/v2\/media?parent=30"}],"curies":[{"name":"wp","href":"https:\/\/api.w.org\/{rel}","templated":true}]}}