{"id":182,"date":"2025-03-26T18:38:13","date_gmt":"2025-03-26T18:38:13","guid":{"rendered":"https:\/\/clibup.es\/?page_id=182"},"modified":"2025-06-16T22:01:06","modified_gmt":"2025-06-16T22:01:06","slug":"cataluna-amplia-hasta-los-35-anos-el-tipo-reducido-del-5-en-la-compra-de-vivienda-habitual-oportunidad-para-jovenes-compradores","status":"publish","type":"page","link":"https:\/\/clibup.es\/index.php\/cataluna-amplia-hasta-los-35-anos-el-tipo-reducido-del-5-en-la-compra-de-vivienda-habitual-oportunidad-para-jovenes-compradores\/","title":{"rendered":"Catalu\u00f1a ampl\u00eda hasta los 35 a\u00f1os el tipo reducido del 5% en la compra de vivienda habitual: Oportunidad para j\u00f3venes compradores"},"content":{"rendered":"\n<p><\/p>\n\n\n\n<div class=\"wp-block-media-text has-media-on-the-right is-stacked-on-mobile\" style=\"grid-template-columns:auto 47%\"><div class=\"wp-block-media-text__content\">\n<p>La Generalitat de Catalu\u00f1a ha anunciado recientemente una modificaci\u00f3n clave en el Impuesto sobre Transmisiones Patrimoniales (ITP), aumentando la edad m\u00e1xima para beneficiarse del tipo reducido del 5%, pasando de los 32 a los 35 a\u00f1os. Este cambio, aprobado mediante el Decreto ley 5\/2025, de 25 de marzo, supone una ventaja importante para los j\u00f3venes que buscan comprar su primera vivienda en Catalu\u00f1a.<\/p>\n\n\n\n<p>Normalmente, al adquirir un inmueble se debe pagar un Impuesto sobre Transmisiones Patrimoniales del 10% del valor del inmueble, pero con esta modificaci\u00f3n, los j\u00f3venes hasta 35 a\u00f1os pueden ahorrar pagando solo la mitad, siempre que cumplan ciertos requisitos econ\u00f3micos: sus ingresos totales (tras aplicar el m\u00ednimo personal y familiar de la \u00faltima declaraci\u00f3n del IRPF) no pueden superar los 36.000 euros.<\/p>\n\n\n\n<p>Desde el despacho jur\u00eddico Clibup, ofrecemos asesoramiento jur\u00eddico  durante la adquisici\u00f3n de tu vivienda. Te ayudamos a entender claramente c\u00f3mo afecta esta reducci\u00f3n a tu compra, garantizando seguridad jur\u00eddica y facilitando cada etapa del proceso.<\/p>\n\n\n\n<p><strong>Contacta con Clibup para recibir asesoramiento jur\u00eddico especializado en la compra de tu vivienda en Catalu\u00f1a.<\/strong><\/p>\n<\/div><figure class=\"wp-block-media-text__media\"><img loading=\"lazy\" decoding=\"async\" width=\"1024\" height=\"683\" src=\"https:\/\/clibup.es\/wp-content\/uploads\/2025\/03\/Imagen-Barcelona-1024x683.png\" alt=\"\" class=\"wp-image-183 size-full\" srcset=\"https:\/\/clibup.es\/wp-content\/uploads\/2025\/03\/Imagen-Barcelona-1024x683.png 1024w, https:\/\/clibup.es\/wp-content\/uploads\/2025\/03\/Imagen-Barcelona-300x200.png 300w, https:\/\/clibup.es\/wp-content\/uploads\/2025\/03\/Imagen-Barcelona-768x512.png 768w, https:\/\/clibup.es\/wp-content\/uploads\/2025\/03\/Imagen-Barcelona.png 1536w\" sizes=\"auto, (max-width: 1024px) 100vw, 1024px\" \/><\/figure><\/div>\n\n\n\n<p><\/p>\n","protected":false},"excerpt":{"rendered":"<p>La Generalitat de Catalu\u00f1a ha anunciado recientemente una modificaci\u00f3n clave en el Impuesto sobre Transmisiones Patrimoniales (ITP), aumentando la edad m\u00e1xima para beneficiarse del tipo reducido del 5%, pasando de los 32 a los 35 a\u00f1os. Este cambio, aprobado mediante el Decreto ley 5\/2025, de 25 de marzo, supone una ventaja importante para los j\u00f3venes&#8230;<\/p>\n","protected":false},"author":1,"featured_media":0,"parent":0,"menu_order":0,"comment_status":"closed","ping_status":"closed","template":"","meta":{"footnotes":""},"class_list":["post-182","page","type-page","status-publish","hentry"],"yoast_head":"<!-- This site is optimized with the Yoast SEO plugin v27.3 - https:\/\/yoast.com\/product\/yoast-seo-wordpress\/ -->\n<title>Catalu\u00f1a amplia a los 35 a\u00f1os el tipo reducido de ITP en Catalu\u00f1a - Clibup<\/title>\n<meta name=\"description\" content=\"Obt\u00e9n asesoramiento jur\u00eddico en relaci\u00f3n con la compra o venta de inmuebles en Barcelona, Catalu\u00f1a, Espa\u00f1a. Contacte con Clibup \u00c1ngel Balmori\" \/>\n<meta name=\"robots\" content=\"index, follow, max-snippet:-1, max-image-preview:large, max-video-preview:-1\" \/>\n<link rel=\"canonical\" href=\"https:\/\/clibup.es\/index.php\/cataluna-amplia-hasta-los-35-anos-el-tipo-reducido-del-5-en-la-compra-de-vivienda-habitual-oportunidad-para-jovenes-compradores\/\" \/>\n<meta property=\"og:locale\" content=\"es_ES\" \/>\n<meta property=\"og:type\" content=\"article\" \/>\n<meta property=\"og:title\" content=\"Catalu\u00f1a amplia a los 35 a\u00f1os el tipo reducido de ITP en Catalu\u00f1a - Clibup\" \/>\n<meta property=\"og:description\" content=\"Obt\u00e9n asesoramiento jur\u00eddico en relaci\u00f3n con la compra o venta de inmuebles en Barcelona, Catalu\u00f1a, Espa\u00f1a. Contacte con Clibup \u00c1ngel Balmori\" \/>\n<meta property=\"og:url\" content=\"https:\/\/clibup.es\/index.php\/cataluna-amplia-hasta-los-35-anos-el-tipo-reducido-del-5-en-la-compra-de-vivienda-habitual-oportunidad-para-jovenes-compradores\/\" \/>\n<meta property=\"og:site_name\" content=\"Clibup\" \/>\n<meta property=\"article:publisher\" content=\"https:\/\/www.facebook.com\/people\/Clibup\/61555554224577\/\" \/>\n<meta property=\"article:modified_time\" content=\"2025-06-16T22:01:06+00:00\" \/>\n<meta property=\"og:image\" content=\"https:\/\/clibup.es\/wp-content\/uploads\/2025\/03\/Imagen-Barcelona-1024x683.png\" \/>\n\t<meta property=\"og:image:width\" content=\"1024\" \/>\n\t<meta property=\"og:image:height\" content=\"683\" \/>\n\t<meta property=\"og:image:type\" content=\"image\/png\" \/>\n<meta name=\"twitter:card\" content=\"summary_large_image\" \/>\n<meta name=\"twitter:label1\" content=\"Tiempo de lectura\" \/>\n\t<meta name=\"twitter:data1\" content=\"2 minutos\" \/>\n<script type=\"application\/ld+json\" class=\"yoast-schema-graph\">{\"@context\":\"https:\\\/\\\/schema.org\",\"@graph\":[{\"@type\":\"WebPage\",\"@id\":\"https:\\\/\\\/clibup.es\\\/index.php\\\/cataluna-amplia-hasta-los-35-anos-el-tipo-reducido-del-5-en-la-compra-de-vivienda-habitual-oportunidad-para-jovenes-compradores\\\/\",\"url\":\"https:\\\/\\\/clibup.es\\\/index.php\\\/cataluna-amplia-hasta-los-35-anos-el-tipo-reducido-del-5-en-la-compra-de-vivienda-habitual-oportunidad-para-jovenes-compradores\\\/\",\"name\":\"Catalu\u00f1a amplia a los 35 a\u00f1os el tipo reducido de ITP en Catalu\u00f1a - Clibup\",\"isPartOf\":{\"@id\":\"https:\\\/\\\/clibup.es\\\/#website\"},\"primaryImageOfPage\":{\"@id\":\"https:\\\/\\\/clibup.es\\\/index.php\\\/cataluna-amplia-hasta-los-35-anos-el-tipo-reducido-del-5-en-la-compra-de-vivienda-habitual-oportunidad-para-jovenes-compradores\\\/#primaryimage\"},\"image\":{\"@id\":\"https:\\\/\\\/clibup.es\\\/index.php\\\/cataluna-amplia-hasta-los-35-anos-el-tipo-reducido-del-5-en-la-compra-de-vivienda-habitual-oportunidad-para-jovenes-compradores\\\/#primaryimage\"},\"thumbnailUrl\":\"https:\\\/\\\/clibup.es\\\/wp-content\\\/uploads\\\/2025\\\/03\\\/Imagen-Barcelona-1024x683.png\",\"datePublished\":\"2025-03-26T18:38:13+00:00\",\"dateModified\":\"2025-06-16T22:01:06+00:00\",\"description\":\"Obt\u00e9n asesoramiento jur\u00eddico en relaci\u00f3n con la compra o venta de inmuebles en Barcelona, Catalu\u00f1a, Espa\u00f1a. Contacte con Clibup \u00c1ngel Balmori\",\"breadcrumb\":{\"@id\":\"https:\\\/\\\/clibup.es\\\/index.php\\\/cataluna-amplia-hasta-los-35-anos-el-tipo-reducido-del-5-en-la-compra-de-vivienda-habitual-oportunidad-para-jovenes-compradores\\\/#breadcrumb\"},\"inLanguage\":\"es\",\"potentialAction\":[{\"@type\":\"ReadAction\",\"target\":[\"https:\\\/\\\/clibup.es\\\/index.php\\\/cataluna-amplia-hasta-los-35-anos-el-tipo-reducido-del-5-en-la-compra-de-vivienda-habitual-oportunidad-para-jovenes-compradores\\\/\"]}]},{\"@type\":\"ImageObject\",\"inLanguage\":\"es\",\"@id\":\"https:\\\/\\\/clibup.es\\\/index.php\\\/cataluna-amplia-hasta-los-35-anos-el-tipo-reducido-del-5-en-la-compra-de-vivienda-habitual-oportunidad-para-jovenes-compradores\\\/#primaryimage\",\"url\":\"https:\\\/\\\/clibup.es\\\/wp-content\\\/uploads\\\/2025\\\/03\\\/Imagen-Barcelona.png\",\"contentUrl\":\"https:\\\/\\\/clibup.es\\\/wp-content\\\/uploads\\\/2025\\\/03\\\/Imagen-Barcelona.png\",\"width\":1536,\"height\":1024},{\"@type\":\"BreadcrumbList\",\"@id\":\"https:\\\/\\\/clibup.es\\\/index.php\\\/cataluna-amplia-hasta-los-35-anos-el-tipo-reducido-del-5-en-la-compra-de-vivienda-habitual-oportunidad-para-jovenes-compradores\\\/#breadcrumb\",\"itemListElement\":[{\"@type\":\"ListItem\",\"position\":1,\"name\":\"Portada\",\"item\":\"https:\\\/\\\/clibup.es\\\/\"},{\"@type\":\"ListItem\",\"position\":2,\"name\":\"Catalu\u00f1a ampl\u00eda hasta los 35 a\u00f1os el tipo reducido del 5% en la compra de vivienda habitual: Oportunidad para j\u00f3venes compradores\"}]},{\"@type\":\"WebSite\",\"@id\":\"https:\\\/\\\/clibup.es\\\/#website\",\"url\":\"https:\\\/\\\/clibup.es\\\/\",\"name\":\"Clibup - Abogados expertos en derecho de la Administraci\u00f3n P\u00fablica\",\"description\":\"Clibup\",\"publisher\":{\"@id\":\"https:\\\/\\\/clibup.es\\\/#organization\"},\"alternateName\":\"Clibup\",\"potentialAction\":[{\"@type\":\"SearchAction\",\"target\":{\"@type\":\"EntryPoint\",\"urlTemplate\":\"https:\\\/\\\/clibup.es\\\/?s={search_term_string}\"},\"query-input\":{\"@type\":\"PropertyValueSpecification\",\"valueRequired\":true,\"valueName\":\"search_term_string\"}}],\"inLanguage\":\"es\"},{\"@type\":\"Organization\",\"@id\":\"https:\\\/\\\/clibup.es\\\/#organization\",\"name\":\"Clibup\",\"url\":\"https:\\\/\\\/clibup.es\\\/\",\"logo\":{\"@type\":\"ImageObject\",\"inLanguage\":\"es\",\"@id\":\"https:\\\/\\\/clibup.es\\\/#\\\/schema\\\/logo\\\/image\\\/\",\"url\":\"https:\\\/\\\/clibup.es\\\/wp-content\\\/uploads\\\/2025\\\/06\\\/Imagen-Clibup.jpeg\",\"contentUrl\":\"https:\\\/\\\/clibup.es\\\/wp-content\\\/uploads\\\/2025\\\/06\\\/Imagen-Clibup.jpeg\",\"width\":1024,\"height\":483,\"caption\":\"Clibup\"},\"image\":{\"@id\":\"https:\\\/\\\/clibup.es\\\/#\\\/schema\\\/logo\\\/image\\\/\"},\"sameAs\":[\"https:\\\/\\\/www.facebook.com\\\/people\\\/Clibup\\\/61555554224577\\\/\",\"https:\\\/\\\/www.instagram.com\\\/clibup_law\\\/?igsh=MTY0aGNrMGc3MXNseg\"]}]}<\/script>\n<!-- \/ Yoast SEO plugin. -->","yoast_head_json":{"title":"Catalu\u00f1a amplia a los 35 a\u00f1os el tipo reducido de ITP en Catalu\u00f1a - Clibup","description":"Obt\u00e9n asesoramiento jur\u00eddico en relaci\u00f3n con la compra o venta de inmuebles en Barcelona, Catalu\u00f1a, Espa\u00f1a. Contacte con Clibup \u00c1ngel Balmori","robots":{"index":"index","follow":"follow","max-snippet":"max-snippet:-1","max-image-preview":"max-image-preview:large","max-video-preview":"max-video-preview:-1"},"canonical":"https:\/\/clibup.es\/index.php\/cataluna-amplia-hasta-los-35-anos-el-tipo-reducido-del-5-en-la-compra-de-vivienda-habitual-oportunidad-para-jovenes-compradores\/","og_locale":"es_ES","og_type":"article","og_title":"Catalu\u00f1a amplia a los 35 a\u00f1os el tipo reducido de ITP en Catalu\u00f1a - Clibup","og_description":"Obt\u00e9n asesoramiento jur\u00eddico en relaci\u00f3n con la compra o venta de inmuebles en Barcelona, Catalu\u00f1a, Espa\u00f1a. Contacte con Clibup \u00c1ngel Balmori","og_url":"https:\/\/clibup.es\/index.php\/cataluna-amplia-hasta-los-35-anos-el-tipo-reducido-del-5-en-la-compra-de-vivienda-habitual-oportunidad-para-jovenes-compradores\/","og_site_name":"Clibup","article_publisher":"https:\/\/www.facebook.com\/people\/Clibup\/61555554224577\/","article_modified_time":"2025-06-16T22:01:06+00:00","og_image":[{"width":1024,"height":683,"url":"https:\/\/clibup.es\/wp-content\/uploads\/2025\/03\/Imagen-Barcelona-1024x683.png","type":"image\/png"}],"twitter_card":"summary_large_image","twitter_misc":{"Tiempo de lectura":"2 minutos"},"schema":{"@context":"https:\/\/schema.org","@graph":[{"@type":"WebPage","@id":"https:\/\/clibup.es\/index.php\/cataluna-amplia-hasta-los-35-anos-el-tipo-reducido-del-5-en-la-compra-de-vivienda-habitual-oportunidad-para-jovenes-compradores\/","url":"https:\/\/clibup.es\/index.php\/cataluna-amplia-hasta-los-35-anos-el-tipo-reducido-del-5-en-la-compra-de-vivienda-habitual-oportunidad-para-jovenes-compradores\/","name":"Catalu\u00f1a amplia a los 35 a\u00f1os el tipo reducido de ITP en Catalu\u00f1a - Clibup","isPartOf":{"@id":"https:\/\/clibup.es\/#website"},"primaryImageOfPage":{"@id":"https:\/\/clibup.es\/index.php\/cataluna-amplia-hasta-los-35-anos-el-tipo-reducido-del-5-en-la-compra-de-vivienda-habitual-oportunidad-para-jovenes-compradores\/#primaryimage"},"image":{"@id":"https:\/\/clibup.es\/index.php\/cataluna-amplia-hasta-los-35-anos-el-tipo-reducido-del-5-en-la-compra-de-vivienda-habitual-oportunidad-para-jovenes-compradores\/#primaryimage"},"thumbnailUrl":"https:\/\/clibup.es\/wp-content\/uploads\/2025\/03\/Imagen-Barcelona-1024x683.png","datePublished":"2025-03-26T18:38:13+00:00","dateModified":"2025-06-16T22:01:06+00:00","description":"Obt\u00e9n asesoramiento jur\u00eddico en relaci\u00f3n con la compra o venta de inmuebles en Barcelona, Catalu\u00f1a, Espa\u00f1a. Contacte con Clibup \u00c1ngel Balmori","breadcrumb":{"@id":"https:\/\/clibup.es\/index.php\/cataluna-amplia-hasta-los-35-anos-el-tipo-reducido-del-5-en-la-compra-de-vivienda-habitual-oportunidad-para-jovenes-compradores\/#breadcrumb"},"inLanguage":"es","potentialAction":[{"@type":"ReadAction","target":["https:\/\/clibup.es\/index.php\/cataluna-amplia-hasta-los-35-anos-el-tipo-reducido-del-5-en-la-compra-de-vivienda-habitual-oportunidad-para-jovenes-compradores\/"]}]},{"@type":"ImageObject","inLanguage":"es","@id":"https:\/\/clibup.es\/index.php\/cataluna-amplia-hasta-los-35-anos-el-tipo-reducido-del-5-en-la-compra-de-vivienda-habitual-oportunidad-para-jovenes-compradores\/#primaryimage","url":"https:\/\/clibup.es\/wp-content\/uploads\/2025\/03\/Imagen-Barcelona.png","contentUrl":"https:\/\/clibup.es\/wp-content\/uploads\/2025\/03\/Imagen-Barcelona.png","width":1536,"height":1024},{"@type":"BreadcrumbList","@id":"https:\/\/clibup.es\/index.php\/cataluna-amplia-hasta-los-35-anos-el-tipo-reducido-del-5-en-la-compra-de-vivienda-habitual-oportunidad-para-jovenes-compradores\/#breadcrumb","itemListElement":[{"@type":"ListItem","position":1,"name":"Portada","item":"https:\/\/clibup.es\/"},{"@type":"ListItem","position":2,"name":"Catalu\u00f1a ampl\u00eda hasta los 35 a\u00f1os el tipo reducido del 5% en la compra de vivienda habitual: Oportunidad para j\u00f3venes compradores"}]},{"@type":"WebSite","@id":"https:\/\/clibup.es\/#website","url":"https:\/\/clibup.es\/","name":"Clibup - Abogados expertos en derecho de la Administraci\u00f3n P\u00fablica","description":"Clibup","publisher":{"@id":"https:\/\/clibup.es\/#organization"},"alternateName":"Clibup","potentialAction":[{"@type":"SearchAction","target":{"@type":"EntryPoint","urlTemplate":"https:\/\/clibup.es\/?s={search_term_string}"},"query-input":{"@type":"PropertyValueSpecification","valueRequired":true,"valueName":"search_term_string"}}],"inLanguage":"es"},{"@type":"Organization","@id":"https:\/\/clibup.es\/#organization","name":"Clibup","url":"https:\/\/clibup.es\/","logo":{"@type":"ImageObject","inLanguage":"es","@id":"https:\/\/clibup.es\/#\/schema\/logo\/image\/","url":"https:\/\/clibup.es\/wp-content\/uploads\/2025\/06\/Imagen-Clibup.jpeg","contentUrl":"https:\/\/clibup.es\/wp-content\/uploads\/2025\/06\/Imagen-Clibup.jpeg","width":1024,"height":483,"caption":"Clibup"},"image":{"@id":"https:\/\/clibup.es\/#\/schema\/logo\/image\/"},"sameAs":["https:\/\/www.facebook.com\/people\/Clibup\/61555554224577\/","https:\/\/www.instagram.com\/clibup_law\/?igsh=MTY0aGNrMGc3MXNseg"]}]}},"_links":{"self":[{"href":"https:\/\/clibup.es\/index.php\/wp-json\/wp\/v2\/pages\/182","targetHints":{"allow":["GET"]}}],"collection":[{"href":"https:\/\/clibup.es\/index.php\/wp-json\/wp\/v2\/pages"}],"about":[{"href":"https:\/\/clibup.es\/index.php\/wp-json\/wp\/v2\/types\/page"}],"author":[{"embeddable":true,"href":"https:\/\/clibup.es\/index.php\/wp-json\/wp\/v2\/users\/1"}],"replies":[{"embeddable":true,"href":"https:\/\/clibup.es\/index.php\/wp-json\/wp\/v2\/comments?post=182"}],"version-history":[{"count":1,"href":"https:\/\/clibup.es\/index.php\/wp-json\/wp\/v2\/pages\/182\/revisions"}],"predecessor-version":[{"id":184,"href":"https:\/\/clibup.es\/index.php\/wp-json\/wp\/v2\/pages\/182\/revisions\/184"}],"wp:attachment":[{"href":"https:\/\/clibup.es\/index.php\/wp-json\/wp\/v2\/media?parent=182"}],"curies":[{"name":"wp","href":"https:\/\/api.w.org\/{rel}","templated":true}]}}