{"id":12,"date":"2024-02-25T16:54:11","date_gmt":"2024-02-25T16:54:11","guid":{"rendered":"https:\/\/clibup.es\/?page_id=12"},"modified":"2025-10-06T18:45:30","modified_gmt":"2025-10-06T18:45:30","slug":"contactenos","status":"publish","type":"page","link":"https:\/\/clibup.es\/index.php\/contactenos\/","title":{"rendered":"Cont\u00e1ctenos"},"content":{"rendered":"\n<p><\/p>\n\n\n\n<h4 class=\"wp-block-heading\">Puede contactarnos a trav\u00e9s del siguiente formulario<\/h4>\n\n\n<style id=\"wpforms-css-vars-209-block-a10cb9cd-a6f8-4159-9061-78b86a64b529\">\n\t\t\t\t#wpforms-209.wpforms-block-a10cb9cd-a6f8-4159-9061-78b86a64b529 {\n\t\t\t\t--wpforms-field-size-input-height: 43px;\n--wpforms-field-size-input-spacing: 15px;\n--wpforms-field-size-font-size: 16px;\n--wpforms-field-size-line-height: 19px;\n--wpforms-field-size-padding-h: 14px;\n--wpforms-field-size-checkbox-size: 16px;\n--wpforms-field-size-sublabel-spacing: 5px;\n--wpforms-field-size-icon-size: 1;\n--wpforms-label-size-font-size: 16px;\n--wpforms-label-size-line-height: 19px;\n--wpforms-label-size-sublabel-font-size: 14px;\n--wpforms-label-size-sublabel-line-height: 17px;\n--wpforms-button-size-font-size: 17px;\n--wpforms-button-size-height: 41px;\n--wpforms-button-size-padding-h: 15px;\n--wpforms-button-size-margin-top: 10px;\n--wpforms-container-shadow-size-box-shadow: none;\n\t\t\t}\n\t\t\t<\/style><div class=\"wpforms-container wpforms-container-full wpforms-block wpforms-block-a10cb9cd-a6f8-4159-9061-78b86a64b529 wpforms-render-modern\" id=\"wpforms-209\"><form id=\"wpforms-form-209\" class=\"wpforms-validate wpforms-form wpforms-ajax-form\" data-formid=\"209\" method=\"post\" enctype=\"multipart\/form-data\" action=\"\/index.php\/wp-json\/wp\/v2\/pages\/12\" data-token=\"599f97497c240264b9f364b5a43069ea\" data-token-time=\"1778155230\"><noscript class=\"wpforms-error-noscript\">Por favor, activa JavaScript en tu navegador para completar este formulario.<\/noscript><div id=\"wpforms-error-noscript\" style=\"display: none;\">Por favor, activa JavaScript en tu navegador para completar este formulario.<\/div><div class=\"wpforms-field-container\"><div id=\"wpforms-209-field_1-container\" class=\"wpforms-field wpforms-field-name\" data-field-id=\"1\"><fieldset><legend class=\"wpforms-field-label\">Nombre <span class=\"wpforms-required-label\" aria-hidden=\"true\">*<\/span><\/legend><div class=\"wpforms-field-row wpforms-field-medium\"><div class=\"wpforms-field-row-block wpforms-first wpforms-one-half\"><input type=\"text\" id=\"wpforms-209-field_1\" class=\"wpforms-field-name-first wpforms-field-required\" name=\"wpforms[fields][1][first]\" aria-errormessage=\"wpforms-209-field_1-error\" aria-describedby=\"wpforms-209-field_1-description\" required><label for=\"wpforms-209-field_1\" class=\"wpforms-field-sublabel after\">Nombre<\/label><\/div><div class=\"wpforms-field-row-block wpforms-one-half\"><input type=\"text\" id=\"wpforms-209-field_1-last\" class=\"wpforms-field-name-last wpforms-field-required\" name=\"wpforms[fields][1][last]\" aria-errormessage=\"wpforms-209-field_1-last-error\" aria-describedby=\"wpforms-209-field_1-description\" required><label for=\"wpforms-209-field_1-last\" class=\"wpforms-field-sublabel after\">Apellidos<\/label><\/div><\/div><div id=\"wpforms-209-field_1-description\" class=\"wpforms-field-description\"> <\/div><\/fieldset><\/div><div id=\"wpforms-209-field_2-container\" class=\"wpforms-field wpforms-field-email\" data-field-id=\"2\"><label class=\"wpforms-field-label\" for=\"wpforms-209-field_2\">Correo electr\u00f3nico <span class=\"wpforms-required-label\" aria-hidden=\"true\">*<\/span><\/label><input type=\"email\" id=\"wpforms-209-field_2\" class=\"wpforms-field-medium wpforms-field-required\" name=\"wpforms[fields][2]\" spellcheck=\"false\" aria-errormessage=\"wpforms-209-field_2-error\" required><\/div><div id=\"wpforms-209-field_5-container\" class=\"wpforms-field wpforms-field-text\" data-field-id=\"5\"><label class=\"wpforms-field-label\" for=\"wpforms-209-field_5\">Tel\u00e9fono<\/label><input type=\"text\" id=\"wpforms-209-field_5\" class=\"wpforms-field-medium\" name=\"wpforms[fields][5]\" aria-errormessage=\"wpforms-209-field_5-error\" ><\/div>\t\t<div id=\"wpforms-209-field_4-container\"\n\t\t\tclass=\"wpforms-field wpforms-field-text\"\n\t\t\tdata-field-type=\"text\"\n\t\t\tdata-field-id=\"4\"\n\t\t\t>\n\t\t\t<label class=\"wpforms-field-label\" for=\"wpforms-209-field_4\" >Tel\u00e9fono Consulta electr\u00f3nico<\/label>\n\t\t\t<input type=\"text\" id=\"wpforms-209-field_4\" class=\"wpforms-field-medium\" name=\"wpforms[fields][4]\" >\n\t\t<\/div>\n\t\t<div id=\"wpforms-209-field_3-container\" class=\"wpforms-field wpforms-field-textarea\" data-field-id=\"3\"><label class=\"wpforms-field-label\" for=\"wpforms-209-field_3\">Consulta<\/label><textarea id=\"wpforms-209-field_3\" class=\"wpforms-field-medium\" name=\"wpforms[fields][3]\" aria-errormessage=\"wpforms-209-field_3-error\" ><\/textarea><\/div><script>\n\t\t\t\t( function() {\n\t\t\t\t\tconst style = document.createElement( 'style' );\n\t\t\t\t\tstyle.appendChild( document.createTextNode( '#wpforms-209-field_4-container { position: absolute !important; overflow: hidden !important; display: inline !important; height: 1px !important; width: 1px !important; z-index: -1000 !important; padding: 0 !important; } #wpforms-209-field_4-container input { visibility: hidden; } #wpforms-conversational-form-page #wpforms-209-field_4-container label { counter-increment: none; }' ) );\n\t\t\t\t\tdocument.head.appendChild( style );\n\t\t\t\t\tdocument.currentScript?.remove();\n\t\t\t\t} )();\n\t\t\t<\/script><\/div><!-- .wpforms-field-container --><div class=\"wpforms-submit-container\" ><input type=\"hidden\" name=\"wpforms[id]\" value=\"209\"><input type=\"hidden\" name=\"page_title\" value=\"\"><input type=\"hidden\" name=\"page_url\" value=\"https:\/\/clibup.es\/index.php\/wp-json\/wp\/v2\/pages\/12\"><input type=\"hidden\" name=\"url_referer\" value=\"\"><button type=\"submit\" name=\"wpforms[submit]\" id=\"wpforms-submit-209\" class=\"wpforms-submit\" data-alt-text=\"Enviando...\" data-submit-text=\"Enviar\" aria-live=\"assertive\" value=\"wpforms-submit\">Enviar<\/button><img loading=\"lazy\" decoding=\"async\" src=\"https:\/\/clibup.es\/wp-content\/plugins\/wpforms\/assets\/images\/submit-spin.svg\" class=\"wpforms-submit-spinner\" style=\"display: none;\" width=\"26\" height=\"26\" alt=\"Cargando\"><\/div><\/form><\/div>  <!-- .wpforms-container -->\n\n\n<main class=\"wp-block-group is-layout-constrained wp-container-core-group-is-layout-272e016f wp-block-group-is-layout-constrained\" style=\"margin-top:var(--wp--preset--spacing--50);margin-bottom:var(--wp--preset--spacing--50)\">\n<h4 class=\"wp-block-heading\" id=\"page-not-found\">Tambi\u00e9n puede contactarnos a trav\u00e9s de los siguientes medios:<\/h4>\n\n\n\n<ul class=\"wp-block-list\">\n<li class=\"has-medium-font-size\">Tel\u00e9fono: <a href=\"tel:0034610901224\">(+34) 610.901.224<\/a><\/li>\n\n\n\n<li class=\"has-medium-font-size\">Correo electr\u00f3nico: <a href=\"mailto:info@clibup.es\">info@clibup.es<\/a> <\/li>\n<\/ul>\n<\/main>\n\n\n\n<div class=\"wp-block-buttons is-content-justification-center is-layout-flex wp-container-core-buttons-is-layout-a89b3969 wp-block-buttons-is-layout-flex\">\n<div class=\"wp-block-button\"><a class=\"wp-block-button__link wp-element-button\" href=\"https:\/\/calendar.app.google\/LKHXQq68SrRcG7RM6\">RESERVE CITA TELEF\u00d3NICA<\/a><\/div>\n<\/div>\n\n\n\n<p><br>Los datos personales recogidos a trav\u00e9s de cualesquiera de los anteriores medios de contacto ser\u00e1n tratados con base en su consulta y con el fin de facilitarle una respuesta. Si quiere ejercitar sus derechos de acceso, rectificaci\u00f3n, supresi\u00f3n, oposici\u00f3n, portabilidad, limitaci\u00f3n del tratamiento o los que le reconozca la normativa en cada momento, puede solicitarlo al Delegado de Protecci\u00f3n de Datos en:\u00a0info@clibup.es Tiene informaci\u00f3n completa sobre el tratamiento de los datos en este\u00a0<a href=\"https:\/\/clibup.es\/index.php\/privacy-policy\/\">enlace<\/a>.<br><\/p>\n\n\n\n<div class=\"wp-block-group alignwide is-layout-constrained wp-block-group-is-layout-constrained\">\n<div class=\"wp-block-group alignwide is-layout-flow wp-block-group-is-layout-flow\" style=\"padding-top:var(--wp--preset--spacing--50);padding-bottom:var(--wp--preset--spacing--50)\">\n<figure class=\"wp-block-image size-full is-resized\"><img decoding=\"async\" src=\"https:\/\/clibup.es\/wp-content\/themes\/twentytwentyfour\/assets\/images\/icon-message.webp\" alt=\"\" style=\"width:40px;height:auto\"\/><\/figure>\n\n\n\n<hr class=\"wp-block-separator has-alpha-channel-opacity is-style-wide\"\/>\n\n\n\n<div class=\"wp-block-columns is-layout-flex wp-container-core-columns-is-layout-633352e7 wp-block-columns-is-layout-flex\" style=\"padding-top:var(--wp--preset--spacing--10)\">\n<div class=\"wp-block-column is-layout-flow wp-block-column-is-layout-flow\" style=\"flex-basis:57%\">\n<h2 class=\"wp-block-heading has-x-large-font-size\">Keep up, get in touch.<\/h2>\n<\/div>\n\n\n\n<div class=\"wp-block-column is-layout-flow wp-block-column-is-layout-flow\" style=\"flex-basis:30%\">\n<div class=\"wp-block-group is-vertical is-layout-flex wp-container-core-group-is-layout-ea0cb840 wp-block-group-is-layout-flex\">\n<h3 class=\"wp-block-heading has-body-font-family has-medium-font-size\">Contact<\/h3>\n\n\n\n<p>info@clibup.es  <\/p>\n<\/div>\n<\/div>\n\n\n\n<div class=\"wp-block-column is-layout-flow wp-block-column-is-layout-flow\" style=\"flex-basis:30%\">\n<div class=\"wp-block-columns is-not-stacked-on-mobile is-layout-flex wp-container-core-columns-is-layout-28f84493 wp-block-columns-is-layout-flex\">\n<div class=\"wp-block-column is-layout-flow wp-block-column-is-layout-flow\">\n<div class=\"wp-block-group is-vertical is-layout-flex wp-container-core-group-is-layout-ea0cb840 wp-block-group-is-layout-flex\">\n<h3 class=\"wp-block-heading has-body-font-family has-medium-font-size\">Follow<\/h3>\n\n\n\n<p><a href=\"https:\/\/www.instagram.com\/clibup_law?igsh=MTY0aGNrMGc3MXNseg==\">Instagram<\/a> \/ <a href=\"https:\/\/www.facebook.com\/profile.php?id=61555554224577\">Facebook<\/a> \/ <a href=\"https:\/\/x.com\/clibup_law?s=21\">X<\/a> <\/p>\n<\/div>\n<\/div>\n<\/div>\n<\/div>\n<\/div>\n\n\n\n<div class=\"wp-block-group is-content-justification-space-between is-layout-flex wp-container-core-group-is-layout-e5edad21 wp-block-group-is-layout-flex\">\n<div class=\"wp-block-group is-layout-flex wp-container-core-group-is-layout-fe1ad1e6 wp-block-group-is-layout-flex\">\n<p class=\"has-small-font-size\">\u00a9<\/p>\n\n\n<p style=\"font-style:normal;font-weight:400;\" class=\"wp-block-site-title has-small-font-size\"><a href=\"https:\/\/clibup.es\" target=\"_self\" rel=\"home\">Clibup<\/a><\/p><\/div>\n\n\n\n<p class=\"has-small-font-size\">\n\t\t\t\tDesigned with <a href=\"https:\/\/wordpress.org\" rel=\"nofollow\">WordPress<\/a>\t\t\t<\/p>\n<\/div>\n<\/div>\n<\/div>\n\n\n\n\n\n<p><\/p>\n","protected":false},"excerpt":{"rendered":"<p>Puede contactarnos a trav\u00e9s del siguiente formulario Tambi\u00e9n puede contactarnos a trav\u00e9s de los siguientes medios: Los datos personales recogidos a trav\u00e9s de cualesquiera de los anteriores medios de contacto ser\u00e1n tratados con base en su consulta y con el fin de facilitarle una respuesta. Si quiere ejercitar sus derechos de acceso, rectificaci\u00f3n, supresi\u00f3n, oposici\u00f3n,&#8230;<\/p>\n","protected":false},"author":1,"featured_media":0,"parent":0,"menu_order":0,"comment_status":"closed","ping_status":"closed","template":"","meta":{"footnotes":""},"class_list":["post-12","page","type-page","status-publish","hentry"],"yoast_head":"<!-- This site is optimized with the Yoast SEO plugin v27.5 - https:\/\/yoast.com\/product\/yoast-seo-wordpress\/ -->\n<title>Cont\u00e1ctenos - Clibup - Expertos en derecho de la Administraci\u00f3n P\u00fablica<\/title>\n<meta name=\"description\" content=\"Asesoramiento jur\u00eddico en sus relaciones con la Administraci\u00f3n Contrataci\u00f3n, Responsabilidad patrimonial, Sanciones, Subvenciones, Urbanismo\" \/>\n<meta name=\"robots\" content=\"index, follow, max-snippet:-1, max-image-preview:large, max-video-preview:-1\" \/>\n<link rel=\"canonical\" href=\"https:\/\/clibup.es\/index.php\/contactenos\/\" \/>\n<meta property=\"og:locale\" content=\"es_ES\" \/>\n<meta property=\"og:type\" content=\"article\" \/>\n<meta property=\"og:title\" content=\"Cont\u00e1ctenos - Clibup - Expertos en derecho de la Administraci\u00f3n P\u00fablica\" \/>\n<meta property=\"og:description\" content=\"Asesoramiento jur\u00eddico en sus relaciones con la Administraci\u00f3n Contrataci\u00f3n, Responsabilidad patrimonial, Sanciones, Subvenciones, Urbanismo\" \/>\n<meta property=\"og:url\" content=\"https:\/\/clibup.es\/index.php\/contactenos\/\" \/>\n<meta property=\"og:site_name\" content=\"Clibup\" \/>\n<meta property=\"article:publisher\" content=\"https:\/\/www.facebook.com\/people\/Clibup\/61555554224577\/\" \/>\n<meta property=\"article:modified_time\" content=\"2025-10-06T18:45:30+00:00\" \/>\n<meta property=\"og:image\" content=\"https:\/\/clibup.es\/wp-content\/themes\/twentytwentyfour\/assets\/images\/icon-message.webp\" \/>\n<meta name=\"twitter:card\" content=\"summary_large_image\" \/>\n<meta name=\"twitter:label1\" content=\"Tiempo de lectura\" \/>\n\t<meta name=\"twitter:data1\" content=\"1 minuto\" \/>\n<script type=\"application\/ld+json\" class=\"yoast-schema-graph\">{\"@context\":\"https:\\\/\\\/schema.org\",\"@graph\":[{\"@type\":\"WebPage\",\"@id\":\"https:\\\/\\\/clibup.es\\\/index.php\\\/contactenos\\\/\",\"url\":\"https:\\\/\\\/clibup.es\\\/index.php\\\/contactenos\\\/\",\"name\":\"Cont\u00e1ctenos - Clibup - Expertos en derecho de la Administraci\u00f3n P\u00fablica\",\"isPartOf\":{\"@id\":\"https:\\\/\\\/clibup.es\\\/#website\"},\"primaryImageOfPage\":{\"@id\":\"https:\\\/\\\/clibup.es\\\/index.php\\\/contactenos\\\/#primaryimage\"},\"image\":{\"@id\":\"https:\\\/\\\/clibup.es\\\/index.php\\\/contactenos\\\/#primaryimage\"},\"thumbnailUrl\":\"https:\\\/\\\/clibup.es\\\/wp-content\\\/themes\\\/twentytwentyfour\\\/assets\\\/images\\\/icon-message.webp\",\"datePublished\":\"2024-02-25T16:54:11+00:00\",\"dateModified\":\"2025-10-06T18:45:30+00:00\",\"description\":\"Asesoramiento jur\u00eddico en sus relaciones con la Administraci\u00f3n Contrataci\u00f3n, Responsabilidad patrimonial, Sanciones, Subvenciones, Urbanismo\",\"breadcrumb\":{\"@id\":\"https:\\\/\\\/clibup.es\\\/index.php\\\/contactenos\\\/#breadcrumb\"},\"inLanguage\":\"es\",\"potentialAction\":[{\"@type\":\"ReadAction\",\"target\":[\"https:\\\/\\\/clibup.es\\\/index.php\\\/contactenos\\\/\"]}]},{\"@type\":\"ImageObject\",\"inLanguage\":\"es\",\"@id\":\"https:\\\/\\\/clibup.es\\\/index.php\\\/contactenos\\\/#primaryimage\",\"url\":\"https:\\\/\\\/clibup.es\\\/wp-content\\\/themes\\\/twentytwentyfour\\\/assets\\\/images\\\/icon-message.webp\",\"contentUrl\":\"https:\\\/\\\/clibup.es\\\/wp-content\\\/themes\\\/twentytwentyfour\\\/assets\\\/images\\\/icon-message.webp\"},{\"@type\":\"BreadcrumbList\",\"@id\":\"https:\\\/\\\/clibup.es\\\/index.php\\\/contactenos\\\/#breadcrumb\",\"itemListElement\":[{\"@type\":\"ListItem\",\"position\":1,\"name\":\"Portada\",\"item\":\"https:\\\/\\\/clibup.es\\\/\"},{\"@type\":\"ListItem\",\"position\":2,\"name\":\"Cont\u00e1ctenos\"}]},{\"@type\":\"WebSite\",\"@id\":\"https:\\\/\\\/clibup.es\\\/#website\",\"url\":\"https:\\\/\\\/clibup.es\\\/\",\"name\":\"Clibup - Abogados expertos en derecho de la Administraci\u00f3n P\u00fablica\",\"description\":\"Clibup\",\"publisher\":{\"@id\":\"https:\\\/\\\/clibup.es\\\/#organization\"},\"alternateName\":\"Clibup\",\"potentialAction\":[{\"@type\":\"SearchAction\",\"target\":{\"@type\":\"EntryPoint\",\"urlTemplate\":\"https:\\\/\\\/clibup.es\\\/?s={search_term_string}\"},\"query-input\":{\"@type\":\"PropertyValueSpecification\",\"valueRequired\":true,\"valueName\":\"search_term_string\"}}],\"inLanguage\":\"es\"},{\"@type\":\"Organization\",\"@id\":\"https:\\\/\\\/clibup.es\\\/#organization\",\"name\":\"Clibup\",\"url\":\"https:\\\/\\\/clibup.es\\\/\",\"logo\":{\"@type\":\"ImageObject\",\"inLanguage\":\"es\",\"@id\":\"https:\\\/\\\/clibup.es\\\/#\\\/schema\\\/logo\\\/image\\\/\",\"url\":\"https:\\\/\\\/clibup.es\\\/wp-content\\\/uploads\\\/2025\\\/06\\\/Imagen-Clibup.jpeg\",\"contentUrl\":\"https:\\\/\\\/clibup.es\\\/wp-content\\\/uploads\\\/2025\\\/06\\\/Imagen-Clibup.jpeg\",\"width\":1024,\"height\":483,\"caption\":\"Clibup\"},\"image\":{\"@id\":\"https:\\\/\\\/clibup.es\\\/#\\\/schema\\\/logo\\\/image\\\/\"},\"sameAs\":[\"https:\\\/\\\/www.facebook.com\\\/people\\\/Clibup\\\/61555554224577\\\/\",\"https:\\\/\\\/www.instagram.com\\\/clibup_law\\\/?igsh=MTY0aGNrMGc3MXNseg\"]}]}<\/script>\n<!-- \/ Yoast SEO plugin. -->","yoast_head_json":{"title":"Cont\u00e1ctenos - Clibup - Expertos en derecho de la Administraci\u00f3n P\u00fablica","description":"Asesoramiento jur\u00eddico en sus relaciones con la Administraci\u00f3n Contrataci\u00f3n, Responsabilidad patrimonial, Sanciones, Subvenciones, Urbanismo","robots":{"index":"index","follow":"follow","max-snippet":"max-snippet:-1","max-image-preview":"max-image-preview:large","max-video-preview":"max-video-preview:-1"},"canonical":"https:\/\/clibup.es\/index.php\/contactenos\/","og_locale":"es_ES","og_type":"article","og_title":"Cont\u00e1ctenos - Clibup - Expertos en derecho de la Administraci\u00f3n P\u00fablica","og_description":"Asesoramiento jur\u00eddico en sus relaciones con la Administraci\u00f3n Contrataci\u00f3n, Responsabilidad patrimonial, Sanciones, Subvenciones, Urbanismo","og_url":"https:\/\/clibup.es\/index.php\/contactenos\/","og_site_name":"Clibup","article_publisher":"https:\/\/www.facebook.com\/people\/Clibup\/61555554224577\/","article_modified_time":"2025-10-06T18:45:30+00:00","og_image":[{"url":"https:\/\/clibup.es\/wp-content\/themes\/twentytwentyfour\/assets\/images\/icon-message.webp","type":"","width":"","height":""}],"twitter_card":"summary_large_image","twitter_misc":{"Tiempo de lectura":"1 minuto"},"schema":{"@context":"https:\/\/schema.org","@graph":[{"@type":"WebPage","@id":"https:\/\/clibup.es\/index.php\/contactenos\/","url":"https:\/\/clibup.es\/index.php\/contactenos\/","name":"Cont\u00e1ctenos - Clibup - Expertos en derecho de la Administraci\u00f3n P\u00fablica","isPartOf":{"@id":"https:\/\/clibup.es\/#website"},"primaryImageOfPage":{"@id":"https:\/\/clibup.es\/index.php\/contactenos\/#primaryimage"},"image":{"@id":"https:\/\/clibup.es\/index.php\/contactenos\/#primaryimage"},"thumbnailUrl":"https:\/\/clibup.es\/wp-content\/themes\/twentytwentyfour\/assets\/images\/icon-message.webp","datePublished":"2024-02-25T16:54:11+00:00","dateModified":"2025-10-06T18:45:30+00:00","description":"Asesoramiento jur\u00eddico en sus relaciones con la Administraci\u00f3n Contrataci\u00f3n, Responsabilidad patrimonial, Sanciones, Subvenciones, Urbanismo","breadcrumb":{"@id":"https:\/\/clibup.es\/index.php\/contactenos\/#breadcrumb"},"inLanguage":"es","potentialAction":[{"@type":"ReadAction","target":["https:\/\/clibup.es\/index.php\/contactenos\/"]}]},{"@type":"ImageObject","inLanguage":"es","@id":"https:\/\/clibup.es\/index.php\/contactenos\/#primaryimage","url":"https:\/\/clibup.es\/wp-content\/themes\/twentytwentyfour\/assets\/images\/icon-message.webp","contentUrl":"https:\/\/clibup.es\/wp-content\/themes\/twentytwentyfour\/assets\/images\/icon-message.webp"},{"@type":"BreadcrumbList","@id":"https:\/\/clibup.es\/index.php\/contactenos\/#breadcrumb","itemListElement":[{"@type":"ListItem","position":1,"name":"Portada","item":"https:\/\/clibup.es\/"},{"@type":"ListItem","position":2,"name":"Cont\u00e1ctenos"}]},{"@type":"WebSite","@id":"https:\/\/clibup.es\/#website","url":"https:\/\/clibup.es\/","name":"Clibup - Abogados expertos en derecho de la Administraci\u00f3n P\u00fablica","description":"Clibup","publisher":{"@id":"https:\/\/clibup.es\/#organization"},"alternateName":"Clibup","potentialAction":[{"@type":"SearchAction","target":{"@type":"EntryPoint","urlTemplate":"https:\/\/clibup.es\/?s={search_term_string}"},"query-input":{"@type":"PropertyValueSpecification","valueRequired":true,"valueName":"search_term_string"}}],"inLanguage":"es"},{"@type":"Organization","@id":"https:\/\/clibup.es\/#organization","name":"Clibup","url":"https:\/\/clibup.es\/","logo":{"@type":"ImageObject","inLanguage":"es","@id":"https:\/\/clibup.es\/#\/schema\/logo\/image\/","url":"https:\/\/clibup.es\/wp-content\/uploads\/2025\/06\/Imagen-Clibup.jpeg","contentUrl":"https:\/\/clibup.es\/wp-content\/uploads\/2025\/06\/Imagen-Clibup.jpeg","width":1024,"height":483,"caption":"Clibup"},"image":{"@id":"https:\/\/clibup.es\/#\/schema\/logo\/image\/"},"sameAs":["https:\/\/www.facebook.com\/people\/Clibup\/61555554224577\/","https:\/\/www.instagram.com\/clibup_law\/?igsh=MTY0aGNrMGc3MXNseg"]}]}},"_links":{"self":[{"href":"https:\/\/clibup.es\/index.php\/wp-json\/wp\/v2\/pages\/12","targetHints":{"allow":["GET"]}}],"collection":[{"href":"https:\/\/clibup.es\/index.php\/wp-json\/wp\/v2\/pages"}],"about":[{"href":"https:\/\/clibup.es\/index.php\/wp-json\/wp\/v2\/types\/page"}],"author":[{"embeddable":true,"href":"https:\/\/clibup.es\/index.php\/wp-json\/wp\/v2\/users\/1"}],"replies":[{"embeddable":true,"href":"https:\/\/clibup.es\/index.php\/wp-json\/wp\/v2\/comments?post=12"}],"version-history":[{"count":11,"href":"https:\/\/clibup.es\/index.php\/wp-json\/wp\/v2\/pages\/12\/revisions"}],"predecessor-version":[{"id":388,"href":"https:\/\/clibup.es\/index.php\/wp-json\/wp\/v2\/pages\/12\/revisions\/388"}],"wp:attachment":[{"href":"https:\/\/clibup.es\/index.php\/wp-json\/wp\/v2\/media?parent=12"}],"curies":[{"name":"wp","href":"https:\/\/api.w.org\/{rel}","templated":true}]}}